{"id":769,"date":"2020-05-28T20:26:21","date_gmt":"2020-05-28T20:26:21","guid":{"rendered":"https:\/\/vital-hotel-frankfurt.info\/?page_id=769"},"modified":"2024-04-02T09:27:21","modified_gmt":"2024-04-02T07:27:21","slug":"das-wichtigste","status":"publish","type":"page","link":"https:\/\/vital-hotel-frankfurt.info\/fr\/das-wichtigste\/","title":{"rendered":"Autour de votre s\u00e9jour"},"content":{"rendered":"<div  class='av-hotspot-image-container av-kc687za4-e9228d4372286ed42ec59a46c57b33a0  avia-builder-el-0  el_before_av_textblock  avia-builder-el-first  av-hotspot-numbered av-mobile-fallback-active  av-non-fullwidth-hotspot-image'  itemprop=\"image\" itemscope=\"itemscope\" itemtype=\"https:\/\/schema.org\/ImageObject\" ><div class='av-hotspot-container'><div class='av-hotspot-container-inner-cell'><div class='av-hotspot-container-inner-wrap'><img decoding=\"async\" fetchpriority=\"high\" class='wp-image-628 avia-img-lazy-loading-not-628 avia_image' src=\"https:\/\/vital-hotel-frankfurt.info\/wp-content\/uploads\/2020\/05\/wellness-wochenende-klein-1500x630.jpg\" alt='' title='wellness-week-end-petit'  height=\"630\" width=\"1500\"  itemprop=\"thumbnailUrl\"  \/><\/div><\/div><\/div><\/div>\n<section  class='av_textblock_section av-karqpju8-9cd200ed80f40bd8bcc0e52e6c4a95ee'   itemscope=\"itemscope\" itemtype=\"https:\/\/schema.org\/CreativeWork\" ><div class='avia_textblock'  itemprop=\"text\" ><h3 style=\"text-align: center;\">L'essentiel en bref <br class=\"avia-permanent-lb\" \/><br class=\"avia-permanent-lb\" \/><\/h3>\n<p><strong>Arriv\u00e9e et d\u00e9part<\/strong><\/p>\n<ul>\n<li>Arriv\u00e9e \u00e0 partir de 15 heures<\/li>\n<li>D\u00e9part avant 12h<\/li>\n<\/ul>\n<p><strong>Petit d\u00e9jeuner au restaurant Auszeit<\/strong><\/p>\n<ul>\n<li>du lundi au vendredi de 06h00 \u00e0 11h00<\/li>\n<li>Samedi, dimanche et jours f\u00e9ri\u00e9s de 07h00 \u00e0 11h00<\/li>\n<\/ul>\n<p><b>Restaurant Auszeit<\/b><\/p>\n<ul>\n<li>Tous les jours de 12h30 \u00e0 17h00<\/li>\n<li>et ouvert de 18h00 \u00e0 21h40.<\/li>\n<li>Veuillez venir au d\u00eener en tenue d\u00e9contract\u00e9e. Les maillots de bain, les peignoirs et les joggings ne sont pas souhait\u00e9s.<\/li>\n<\/ul>\n<p><b>Bar panoramique<\/b><\/p>\n<ul>\n<li>Dimanche - jeudi de 17h00 \u00e0 00h00<\/li>\n<li>Ouvert le vendredi et le samedi de 17h00 \u00e0 01h00<\/li>\n<\/ul>\n<p><b>R\u00e9ception<\/b><\/p>\n<ul>\n<li>Joignable par t\u00e9l\u00e9phone au num\u00e9ro direct 800<\/li>\n<li>24 heures sur 24<\/li>\n<\/ul>\n<p><b>Thermes<\/b><\/p>\n<ul>\n<li>Piscine : tous les jours de 08h00 \u00e0 21h40<\/li>\n<li>Sauna : tous les jours de 09h00 \u00e0 21h40<\/li>\n<\/ul>\n<p><b>Fitness<\/b><\/p>\n<ul>\n<li>du lundi au vendredi de 08h00 \u00e0 21h40<\/li>\n<li>Samedi, dimanche et jours f\u00e9ri\u00e9s de 09:00 \u00e0 21:00 heures<\/li>\n<li>Veuillez apporter une serviette pour utiliser le VitaSPA<\/li>\n<\/ul>\n<p><strong>Massages<\/strong><\/p>\n<ul>\n<li>Les massages peuvent \u00eatre r\u00e9serv\u00e9s sur rendez-vous.rhein-main-therme.de. Cela n'est possible que trois semaines \u00e0 l'avance. R\u00e9servez n\u00e9anmoins vos massages \u00e0 l'avance.<\/li>\n<\/ul>\n<p><b>WLAN<\/b><\/p>\n<ul>\n<li>gratuit<\/li>\n<li>R\u00e9seau : VitalHotel<\/li>\n<li>pas de saisie de mot de passe n\u00e9cessaire<\/li>\n<\/ul>\n<p><b>Modes de paiement<\/b><\/p>\n<ul>\n<li>Paiement en esp\u00e8ces<\/li>\n<li>Carte EC<\/li>\n<li>VISA<\/li>\n<li>MasterCard<\/li>\n<li>American Express<\/li>\n<\/ul>\n<\/div><\/section>\n<div id='av-masonry-1' class='av-masonry av-kc68nfro-04038acfc1d64897e6bcb4a78e84ed13 noHover av-flex-size av-large-gap av-hover-overlay-active av-masonry-animation-active av-masonry-col-flexible av-caption-always av-caption-style- av-masonry-gallery' data-post_id=\"769\"><div class=\"av-masonry-container isotope av-js-disabled\"><div class='av-masonry-entry isotope-item av-masonry-item-no-image'><\/div><a href=\"https:\/\/vital-hotel-frankfurt.info\/wp-content\/uploads\/2020\/07\/info-wuerfel-1030x547.jpg\" data-srcset=\"https:\/\/vital-hotel-frankfurt.info\/wp-content\/uploads\/2020\/07\/info-wuerfel-1030x547.jpg 1030w, https:\/\/vital-hotel-frankfurt.info\/wp-content\/uploads\/2020\/07\/info-wuerfel-300x159.jpg 300w, https:\/\/vital-hotel-frankfurt.info\/wp-content\/uploads\/2020\/07\/info-wuerfel-768x408.jpg 768w, https:\/\/vital-hotel-frankfurt.info\/wp-content\/uploads\/2020\/07\/info-wuerfel-705x374.jpg 705w, https:\/\/vital-hotel-frankfurt.info\/wp-content\/uploads\/2020\/07\/info-wuerfel.jpg 1417w\" data-sizes=\"(max-width: 1030px) 100vw, 1030px\"  aria-label=\"image Informationen A bis Z\"  id='av-masonry-1-item-1005' data-av-masonry-item='1005' class='av-masonry-entry isotope-item post-1005 attachment type-attachment status-inherit hentry  av-masonry-item-with-image' title=\"Informations de A \u00e0 Z\" alt=\"\"  data-av-masonry-custom-link=\"https:\/\/vital-hotel-frankfurt.info\/das-wichtigste\/informationen-a-bis-z\/\"  itemprop=\"thumbnailUrl\" ><div class='av-inner-masonry-sizer'><\/div><figure class='av-inner-masonry main_color'><div class=\"av-masonry-outerimage-container\"><div class='av-masonry-image-container'  ><img decoding=\"async\" width=\"705\" height=\"374\" fetchpriority=\"high\" class=\"wp-image-1005 avia-img-lazy-loading-not-1005\"  src=\"https:\/\/vital-hotel-frankfurt.info\/wp-content\/uploads\/2020\/07\/info-wuerfel-705x374.jpg\" title=\"Informations de A \u00e0 Z\" alt=\"\" srcset=\"https:\/\/vital-hotel-frankfurt.info\/wp-content\/uploads\/2020\/07\/info-wuerfel-705x374.jpg 705w, https:\/\/vital-hotel-frankfurt.info\/wp-content\/uploads\/2020\/07\/info-wuerfel-300x159.jpg 300w, https:\/\/vital-hotel-frankfurt.info\/wp-content\/uploads\/2020\/07\/info-wuerfel-1030x547.jpg 1030w, https:\/\/vital-hotel-frankfurt.info\/wp-content\/uploads\/2020\/07\/info-wuerfel-768x408.jpg 768w, https:\/\/vital-hotel-frankfurt.info\/wp-content\/uploads\/2020\/07\/info-wuerfel.jpg 1417w\" sizes=\"(max-width: 705px) 100vw, 705px\" \/><\/div><\/div><figcaption class='av-inner-masonry-content site-background'><div class='av-inner-masonry-content-pos'><div class='av-inner-masonry-content-pos-content'><div class='avia-arrow'><\/div><h3 class='av-masonry-entry-title entry-title'  itemprop=\"headline\" >Informations de A \u00e0 Z<\/h3><\/div><\/div><\/figcaption><\/figure><\/a><!--end av-masonry entry--><a href=\"https:\/\/vital-hotel-frankfurt.info\/wp-content\/uploads\/2020\/05\/iStock-615904260-1030x686.jpg\" data-srcset=\"https:\/\/vital-hotel-frankfurt.info\/wp-content\/uploads\/2020\/05\/iStock-615904260-1030x686.jpg 1030w, https:\/\/vital-hotel-frankfurt.info\/wp-content\/uploads\/2020\/05\/iStock-615904260-300x200.jpg 300w, https:\/\/vital-hotel-frankfurt.info\/wp-content\/uploads\/2020\/05\/iStock-615904260-768x512.jpg 768w, https:\/\/vital-hotel-frankfurt.info\/wp-content\/uploads\/2020\/05\/iStock-615904260-1536x1024.jpg 1536w, https:\/\/vital-hotel-frankfurt.info\/wp-content\/uploads\/2020\/05\/iStock-615904260-2048x1365.jpg 2048w, https:\/\/vital-hotel-frankfurt.info\/wp-content\/uploads\/2020\/05\/iStock-615904260-1500x1000.jpg 1500w, https:\/\/vital-hotel-frankfurt.info\/wp-content\/uploads\/2020\/05\/iStock-615904260-705x470.jpg 705w\" data-sizes=\"(max-width: 1030px) 100vw, 1030px\"  aria-label=\"image Wichtige Telefonnummern\"  id='av-masonry-1-item-795' data-av-masonry-item='795' class='av-masonry-entry isotope-item post-795 attachment type-attachment status-inherit hentry  av-masonry-item-with-image' title=\"Num\u00e9ros de t\u00e9l\u00e9phone importants\" alt=\"\"  data-av-masonry-custom-link=\"https:\/\/vital-hotel-frankfurt.info\/das-wichtigste\/wichtige-telefonnummern\/\"  itemprop=\"thumbnailUrl\" ><div class='av-inner-masonry-sizer'><\/div><figure class='av-inner-masonry main_color'><div class=\"av-masonry-outerimage-container\"><div class='av-masonry-image-container'  ><img decoding=\"async\" width=\"705\" height=\"470\" fetchpriority=\"high\" class=\"wp-image-795 avia-img-lazy-loading-not-795\"  src=\"https:\/\/vital-hotel-frankfurt.info\/wp-content\/uploads\/2020\/05\/iStock-615904260-705x470.jpg\" title=\"Num\u00e9ros de t\u00e9l\u00e9phone importants\" alt=\"\" srcset=\"https:\/\/vital-hotel-frankfurt.info\/wp-content\/uploads\/2020\/05\/iStock-615904260-705x470.jpg 705w, https:\/\/vital-hotel-frankfurt.info\/wp-content\/uploads\/2020\/05\/iStock-615904260-300x200.jpg 300w, https:\/\/vital-hotel-frankfurt.info\/wp-content\/uploads\/2020\/05\/iStock-615904260-1030x686.jpg 1030w, https:\/\/vital-hotel-frankfurt.info\/wp-content\/uploads\/2020\/05\/iStock-615904260-768x512.jpg 768w, https:\/\/vital-hotel-frankfurt.info\/wp-content\/uploads\/2020\/05\/iStock-615904260-1536x1024.jpg 1536w, https:\/\/vital-hotel-frankfurt.info\/wp-content\/uploads\/2020\/05\/iStock-615904260-2048x1365.jpg 2048w, https:\/\/vital-hotel-frankfurt.info\/wp-content\/uploads\/2020\/05\/iStock-615904260-1500x1000.jpg 1500w\" sizes=\"(max-width: 705px) 100vw, 705px\" \/><\/div><\/div><figcaption class='av-inner-masonry-content site-background'><div class='av-inner-masonry-content-pos'><div class='av-inner-masonry-content-pos-content'><div class='avia-arrow'><\/div><h3 class='av-masonry-entry-title entry-title'  itemprop=\"headline\" >Num\u00e9ros de t\u00e9l\u00e9phone importants<\/h3><\/div><\/div><\/figcaption><\/figure><\/a><!--end av-masonry entry--><\/div><\/div>\n<div  class='flex_column av-av_one_half-41ee899840124b6993b57a87f996c353 av_one_half  avia-builder-el-3  el_after_av_masonry_gallery  el_before_av_one_half  avia-builder-el-first  first flex_column_div'     ><\/div>\n<div  class='flex_column av-av_one_half-58a6369d5c19d308284fa729d91312fa av_one_half  avia-builder-el-4  el_after_av_one_half  el_before_av_one_full  flex_column_div'     ><\/div>\n<div  class='flex_column av-av_one_full-41ee899840124b6993b57a87f996c353 av_one_full  avia-builder-el-5  el_after_av_one_half  avia-builder-el-last  first flex_column_div  column-top-margin'     ><\/div>","protected":false},"excerpt":{"rendered":"","protected":false},"author":1,"featured_media":0,"parent":0,"menu_order":1,"comment_status":"closed","ping_status":"closed","template":"","meta":{"footnotes":""},"class_list":["post-769","page","type-page","status-publish","hentry"],"_links":{"self":[{"href":"https:\/\/vital-hotel-frankfurt.info\/fr\/wp-json\/wp\/v2\/pages\/769","targetHints":{"allow":["GET"]}}],"collection":[{"href":"https:\/\/vital-hotel-frankfurt.info\/fr\/wp-json\/wp\/v2\/pages"}],"about":[{"href":"https:\/\/vital-hotel-frankfurt.info\/fr\/wp-json\/wp\/v2\/types\/page"}],"author":[{"embeddable":true,"href":"https:\/\/vital-hotel-frankfurt.info\/fr\/wp-json\/wp\/v2\/users\/1"}],"replies":[{"embeddable":true,"href":"https:\/\/vital-hotel-frankfurt.info\/fr\/wp-json\/wp\/v2\/comments?post=769"}],"version-history":[{"count":23,"href":"https:\/\/vital-hotel-frankfurt.info\/fr\/wp-json\/wp\/v2\/pages\/769\/revisions"}],"predecessor-version":[{"id":1885,"href":"https:\/\/vital-hotel-frankfurt.info\/fr\/wp-json\/wp\/v2\/pages\/769\/revisions\/1885"}],"wp:attachment":[{"href":"https:\/\/vital-hotel-frankfurt.info\/fr\/wp-json\/wp\/v2\/media?parent=769"}],"curies":[{"name":"wp","href":"https:\/\/api.w.org\/{rel}","templated":true}]}}