{"id":1969,"date":"2025-03-11T14:28:49","date_gmt":"2025-03-11T13:28:49","guid":{"rendered":"https:\/\/vital-hotel-frankfurt.info\/?page_id=1969"},"modified":"2025-03-11T15:18:15","modified_gmt":"2025-03-11T14:18:15","slug":"restaurant-auszeit","status":"publish","type":"page","link":"https:\/\/vital-hotel-frankfurt.info\/fr\/gastronomie\/restaurant-auszeit\/","title":{"rendered":"Restaurant Auszeit"},"content":{"rendered":"<div  class='av-hotspot-image-container av-kas0fsuv-c0e4212c9dcf002c78ec1c20978f14bf  avia-builder-el-0  el_before_av_textblock  avia-builder-el-first  av-hotspot-numbered av-mobile-fallback-active  av-non-fullwidth-hotspot-image'  itemprop=\"image\" itemscope=\"itemscope\" itemtype=\"https:\/\/schema.org\/ImageObject\" ><div class='av-hotspot-container'><div class='av-hotspot-container-inner-cell'><div class='av-hotspot-container-inner-wrap'><img decoding=\"async\" fetchpriority=\"high\" class='wp-image-857 avia-img-lazy-loading-not-857 avia_image' src=\"https:\/\/vital-hotel-frankfurt.info\/wp-content\/uploads\/2020\/05\/kulinarische-angebote-vital-hotel-1500x630.jpg\" alt='' title='Restaurant Auszeit'  height=\"630\" width=\"1500\"  itemprop=\"thumbnailUrl\"  \/><\/div><\/div><\/div><\/div>\n<section  class='av_textblock_section av-kas0dbno-908e3622fe14257a0ce905196239bb6c'   itemscope=\"itemscope\" itemtype=\"https:\/\/schema.org\/CreativeWork\" ><div class='avia_textblock'  itemprop=\"text\" ><h2 style=\"text-align: center;\">Restaurant Auszeit<\/h2>\n<p style=\"text-align: center;\">Notre restaurant Auszeit propose une cuisine r\u00e9gionale et internationale de haut niveau. Notre \u00e9quipe se r\u00e9jouit de pouvoir vous g\u00e2ter avec des menus et des buffets qui changent tous les jours.<\/p>\n<p style=\"text-align: center;\">La mention des allerg\u00e8nes est disponible dans notre restaurant.<\/p>\n<\/div><\/section>\n<\/div><\/div><\/div><!-- close content main div --><\/div><\/div><div id='av_section_1'  class='avia-section av-13ivxl-725331cb8f87f15b4a4aa7957e5aa233 main_color avia-section-default avia-no-shadow  avia-builder-el-2  el_after_av_textblock  el_before_av_heading  avia-bg-style-scroll container_wrap fullsize'  ><div class='container av-section-cont-open' ><div class='template-page content  av-content-full alpha units'><div class='post-entry post-entry-type-page post-entry-1969'><div class='entry-content-wrapper clearfix'>\n\n<style type=\"text\/css\" data-created_by=\"avia_inline_auto\" id=\"style-css-av-vtox-e0318a5f04c1a7c9a754bcb5adf0fa77\">\n#top .av-special-heading.av-vtox-e0318a5f04c1a7c9a754bcb5adf0fa77{\npadding-bottom:25px;\n}\nbody .av-special-heading.av-vtox-e0318a5f04c1a7c9a754bcb5adf0fa77 .av-special-heading-tag .heading-char{\nfont-size:25px;\n}\n.av-special-heading.av-vtox-e0318a5f04c1a7c9a754bcb5adf0fa77 .av-subheading{\nfont-size:15px;\n}\n<\/style>\n<div  class='av-special-heading av-vtox-e0318a5f04c1a7c9a754bcb5adf0fa77 av-special-heading-h2 blockquote modern-quote modern-centered  avia-builder-el-3  el_before_av_one_full  avia-builder-el-first  av-thin-font'><h2 class='av-special-heading-tag'  itemprop=\"headline\"  ><strong>CARTE DU MIDI<\/strong><\/h2><div class=\"special-heading-border\"><div class=\"special-heading-inner-border\"><\/div><\/div><\/div>\n<div  class='flex_column av-yakj9-dee06d3cedbbbc9e6217d0dc0473c168 av_one_full  avia-builder-el-4  el_after_av_heading  el_before_av_heading  first flex_column_div'     ><\/div>\n<style type=\"text\/css\" data-created_by=\"avia_inline_auto\" id=\"style-css-av-5hsrp-32f46856f98a41ba0f413fe1adbec9a9\">\n#top .av-special-heading.av-5hsrp-32f46856f98a41ba0f413fe1adbec9a9{\npadding-bottom:25px;\n}\nbody .av-special-heading.av-5hsrp-32f46856f98a41ba0f413fe1adbec9a9 .av-special-heading-tag .heading-char{\nfont-size:25px;\n}\n.av-special-heading.av-5hsrp-32f46856f98a41ba0f413fe1adbec9a9 .av-subheading{\nfont-size:15px;\n}\n<\/style>\n<div  class='av-special-heading av-5hsrp-32f46856f98a41ba0f413fe1adbec9a9 av-special-heading-h2 blockquote modern-quote modern-centered  avia-builder-el-6  el_after_av_one_full  el_before_av_one_full  av-thin-font'><h2 class='av-special-heading-tag'  itemprop=\"headline\"  ><strong>CARTE DU SOIR<\/strong><\/h2><div class=\"special-heading-border\"><div class=\"special-heading-inner-border\"><\/div><\/div><\/div>\n<div  class='flex_column av-zj7eh-42-4405b5aca222ce0d0d600ca7ec73df0d av_one_full  avia-builder-el-7  el_after_av_heading  el_before_av_heading  first flex_column_div'     ><\/div>\n<style type=\"text\/css\" data-created_by=\"avia_inline_auto\" id=\"style-css-av-ietl-2385a3325d9ebc6a0fcc8b0a274c9640\">\n#top .av-special-heading.av-ietl-2385a3325d9ebc6a0fcc8b0a274c9640{\npadding-bottom:25px;\n}\nbody .av-special-heading.av-ietl-2385a3325d9ebc6a0fcc8b0a274c9640 .av-special-heading-tag .heading-char{\nfont-size:25px;\n}\n.av-special-heading.av-ietl-2385a3325d9ebc6a0fcc8b0a274c9640 .av-subheading{\nfont-size:15px;\n}\n<\/style>\n<div  class='av-special-heading av-ietl-2385a3325d9ebc6a0fcc8b0a274c9640 av-special-heading-h2 blockquote modern-quote modern-centered  avia-builder-el-9  el_after_av_one_full  el_before_av_one_full  av-thin-font'><h2 class='av-special-heading-tag'  itemprop=\"headline\"  ><strong>CARTE ENFANT<\/strong><\/h2><div class=\"special-heading-border\"><div class=\"special-heading-inner-border\"><\/div><\/div><\/div>\n<div  class='flex_column av-rptm9-41-d96c9b8aca8a25689ffcb4e0a80e7d08 av_one_full  avia-builder-el-10  el_after_av_heading  avia-builder-el-last  first flex_column_div'     ><\/div>\n<\/div><\/div><\/div><!-- close content main div --><\/div><\/div><div id='after_section_1'  class='main_color av_default_container_wrap container_wrap fullsize'  ><div class='container av-section-cont-open' ><div class='template-page content  av-content-full alpha units'><div class='post-entry post-entry-type-page post-entry-1969'><div class='entry-content-wrapper clearfix'>\n\n<style type=\"text\/css\" data-created_by=\"avia_inline_auto\" id=\"style-css-av-11drp-125ec5eb4df444dfa8c4ac612e931fc8\">\n#top .av-special-heading.av-11drp-125ec5eb4df444dfa8c4ac612e931fc8{\npadding-bottom:25px;\n}\nbody .av-special-heading.av-11drp-125ec5eb4df444dfa8c4ac612e931fc8 .av-special-heading-tag .heading-char{\nfont-size:25px;\n}\n.av-special-heading.av-11drp-125ec5eb4df444dfa8c4ac612e931fc8 .av-subheading{\nfont-size:15px;\n}\n<\/style>\n<div  class='av-special-heading av-11drp-125ec5eb4df444dfa8c4ac612e931fc8 av-special-heading-h2 blockquote modern-quote modern-centered  avia-builder-el-12  el_after_av_section  el_before_av_one_full  avia-builder-el-first  av-thin-font'><h2 class='av-special-heading-tag'  itemprop=\"headline\"  ><strong>BOISSONS<\/strong><\/h2><div class=\"special-heading-border\"><div class=\"special-heading-inner-border\"><\/div><\/div><\/div>\n<div  class='flex_column av-3b1g7l-9d5f40348d8a2d8c5a8e2d74cf856385 av_one_full  avia-builder-el-13  el_after_av_heading  avia-builder-el-last  first flex_column_div'     ><\/div>","protected":false},"excerpt":{"rendered":"","protected":false},"author":1,"featured_media":0,"parent":411,"menu_order":0,"comment_status":"closed","ping_status":"closed","template":"","meta":{"footnotes":""},"class_list":["post-1969","page","type-page","status-publish","hentry"],"_links":{"self":[{"href":"https:\/\/vital-hotel-frankfurt.info\/fr\/wp-json\/wp\/v2\/pages\/1969","targetHints":{"allow":["GET"]}}],"collection":[{"href":"https:\/\/vital-hotel-frankfurt.info\/fr\/wp-json\/wp\/v2\/pages"}],"about":[{"href":"https:\/\/vital-hotel-frankfurt.info\/fr\/wp-json\/wp\/v2\/types\/page"}],"author":[{"embeddable":true,"href":"https:\/\/vital-hotel-frankfurt.info\/fr\/wp-json\/wp\/v2\/users\/1"}],"replies":[{"embeddable":true,"href":"https:\/\/vital-hotel-frankfurt.info\/fr\/wp-json\/wp\/v2\/comments?post=1969"}],"version-history":[{"count":5,"href":"https:\/\/vital-hotel-frankfurt.info\/fr\/wp-json\/wp\/v2\/pages\/1969\/revisions"}],"predecessor-version":[{"id":2004,"href":"https:\/\/vital-hotel-frankfurt.info\/fr\/wp-json\/wp\/v2\/pages\/1969\/revisions\/2004"}],"up":[{"embeddable":true,"href":"https:\/\/vital-hotel-frankfurt.info\/fr\/wp-json\/wp\/v2\/pages\/411"}],"wp:attachment":[{"href":"https:\/\/vital-hotel-frankfurt.info\/fr\/wp-json\/wp\/v2\/media?parent=1969"}],"curies":[{"name":"wp","href":"https:\/\/api.w.org\/{rel}","templated":true}]}}