{"id":1051,"date":"2020-07-05T10:28:21","date_gmt":"2020-07-05T08:28:21","guid":{"rendered":"https:\/\/vital-hotel-frankfurt.info\/?page_id=1051"},"modified":"2025-01-01T15:51:28","modified_gmt":"2025-01-01T14:51:28","slug":"fitness","status":"publish","type":"page","link":"https:\/\/vital-hotel-frankfurt.info\/fr\/wellness-fitness\/fitness\/","title":{"rendered":"Fitness"},"content":{"rendered":"<div  class='av-hotspot-image-container av-kc6b74gm-74ad56125438292575bfa2058b47f8b8  avia-builder-el-0  el_before_av_textblock  avia-builder-el-first  av-hotspot-numbered av-mobile-fallback-active  av-non-fullwidth-hotspot-image'  itemprop=\"image\" itemscope=\"itemscope\" itemtype=\"https:\/\/schema.org\/ImageObject\" ><div class='av-hotspot-container'><div class='av-hotspot-container-inner-cell'><div class='av-hotspot-container-inner-wrap'><img decoding=\"async\" fetchpriority=\"high\" class='wp-image-977 avia-img-lazy-loading-not-977 avia_image' src=\"https:\/\/vital-hotel-frankfurt.info\/wp-content\/uploads\/2020\/07\/vita-spa-fitnessclub-rhein-main-therme-1500x630.jpg\" alt='' title='Fitness'  height=\"630\" width=\"1500\"  itemprop=\"thumbnailUrl\"  \/><\/div><\/div><\/div><\/div>\n<section  class='av_textblock_section av-kc6b9rtc-25a7c0b234f0d8aa8a19609adfe55223'   itemscope=\"itemscope\" itemtype=\"https:\/\/schema.org\/CreativeWork\" ><div class='avia_textblock'  itemprop=\"text\" ><h3 style=\"text-align: center;\">Salle de sport<\/h3>\n<p style=\"text-align: center;\">Se sentir en forme et en bonne sant\u00e9 est un \u00e9l\u00e9ment important pour une vie heureuse.<\/p>\n<p style=\"text-align: center;\">Un standard \u00e9lev\u00e9 avec des appareils ultramodernes, des entra\u00eeneurs form\u00e9s, une offre de cours extr\u00eamement vari\u00e9e, le tout int\u00e9gr\u00e9 dans le paradis de la baignade, des loisirs et du bien-\u00eatre, vous aide \u00e0 r\u00e9aliser vos objectifs et \u00e0 vivre la d\u00e9tente.<\/p>\n<p style=\"text-align: center;\">Vous trouverez ici notre plan de cours actuel :<\/p>\n<p style=\"text-align: center;\"><strong><a href=\"https:\/\/www.rhein-main-therme.de\/fitnessclub-kurse-programme.html\" target=\"_blank\" rel=\"noopener\">Plan des cours VitaSpa<\/a><\/strong><\/p>\n<\/div><\/section>\n<div  class='hr av-kc6cjkdy-89f03d73657c14189ef4a203615629ea hr-default  avia-builder-el-2  el_after_av_textblock  el_before_av_one_full'><span class='hr-inner'><span class=\"hr-inner-style\"><\/span><\/span><\/div>\n\n<style type=\"text\/css\" data-created_by=\"avia_inline_auto\" id=\"style-css-av-75rx1-3bee7b0bba93e84b23a3755a26e74eb6\">\n.flex_column.av-75rx1-3bee7b0bba93e84b23a3755a26e74eb6{\nborder-radius:0px 0px 0px 0px;\npadding:0px 0px 0px 0px;\n}\n<\/style>\n<div  class='flex_column av-75rx1-3bee7b0bba93e84b23a3755a26e74eb6 av_one_full  avia-builder-el-3  el_after_av_hr  avia-builder-el-last  first flex_column_div av-zero-column-padding'     ><p><article  class='iconbox iconbox_left av-kc6bzm6e-5c7874623ccdef85dcbdf9898e965de3  avia-builder-el-4  el_before_av_icon_box  avia-builder-el-first'  itemscope=\"itemscope\" itemtype=\"https:\/\/schema.org\/CreativeWork\" ><div class=\"iconbox_content\"><header class=\"entry-content-header\" aria-label=\"Ic\u00f4ne : \u00d6ffnungszeiten\"><div class='iconbox_icon heading-color avia-iconfont avia-font-entypo-fontello' data-av_icon='\ue862' data-av_iconfont='entypo-fontello'  ><\/div><h3 class='iconbox_content_title'  itemprop=\"headline\" >Heures d'ouverture<\/h3><\/header><div class='iconbox_content_container'  itemprop=\"text\" ><p>Lundi-dimanche<\/p>\n<p>de 08:00 \u00e0 21:40 heures<\/p>\n<\/div><\/div><footer class=\"entry-footer\"><\/footer><\/article><br \/>\n<article  class='iconbox iconbox_left av-kc6bzm6e-3-33b1eca9008c0df5f3446c34738bead6  avia-builder-el-5  el_after_av_icon_box  el_before_av_icon_box'  itemscope=\"itemscope\" itemtype=\"https:\/\/schema.org\/CreativeWork\" ><div class=\"iconbox_content\"><header class=\"entry-content-header\" aria-label=\"Ic\u00f4ne : Zugang\"><div class='iconbox_icon heading-color avia-iconfont avia-font-entypo-fontello' data-av_icon='\ue81e' data-av_iconfont='entypo-fontello'  ><\/div><h3 class='iconbox_content_title'  itemprop=\"headline\" >Acc\u00e8s<\/h3><\/header><div class='iconbox_content_container'  itemprop=\"text\" ><p>L'acc\u00e8s \u00e0 la salle de sport se trouve pr\u00e8s de notre bassin sportif.<\/p>\n<\/div><\/div><footer class=\"entry-footer\"><\/footer><\/article><br \/>\n<article  class='iconbox iconbox_left av-kc6bzm6e-2-0276991915ad9401edd9bcb9cc2617e3  avia-builder-el-6  el_after_av_icon_box  el_before_av_icon_box'  itemscope=\"itemscope\" itemtype=\"https:\/\/schema.org\/CreativeWork\" ><div class=\"iconbox_content\"><header class=\"entry-content-header\" aria-label=\"Ic\u00f4ne : Handtuch\"><div class='iconbox_icon heading-color avia-iconfont avia-font-entypo-fontello' data-av_icon='\ue81e' data-av_iconfont='entypo-fontello'  ><\/div><h3 class='iconbox_content_title'  itemprop=\"headline\" >Serviette de bain<\/h3><\/header><div class='iconbox_content_container'  itemprop=\"text\" ><p>Pour votre entra\u00eenement, veuillez apporter une serviette de votre chambre. Dans votre chambre, vous trouverez tout ce dont vous avez besoin pour visiter les thermes et le centre de fitness.<\/p>\n<\/div><\/div><footer class=\"entry-footer\"><\/footer><\/article><br \/>\n<article  class='iconbox iconbox_left av-kc6bzm6e-1-242011a70663628ce508dd8460bf877f  avia-builder-el-7  el_after_av_icon_box  avia-builder-el-last'  itemscope=\"itemscope\" itemtype=\"https:\/\/schema.org\/CreativeWork\" ><div class=\"iconbox_content\"><header class=\"entry-content-header\" aria-label=\"Ic\u00f4ne : Kinder &amp; Jugendliche\"><div class='iconbox_icon heading-color avia-iconfont avia-font-entypo-fontello' data-av_icon='\ue83e' data-av_iconfont='entypo-fontello'  ><\/div><h3 class='iconbox_content_title'  itemprop=\"headline\" >Enfants &amp; jeunes<\/h3><\/header><div class='iconbox_content_container'  itemprop=\"text\" ><p>L'acc\u00e8s est interdit aux personnes de moins de 18 ans.<\/p>\n<\/div><\/div><footer class=\"entry-footer\"><\/footer><\/article><\/p><\/div>","protected":false},"excerpt":{"rendered":"","protected":false},"author":1,"featured_media":0,"parent":771,"menu_order":3,"comment_status":"closed","ping_status":"closed","template":"","meta":{"footnotes":""},"class_list":["post-1051","page","type-page","status-publish","hentry"],"_links":{"self":[{"href":"https:\/\/vital-hotel-frankfurt.info\/fr\/wp-json\/wp\/v2\/pages\/1051","targetHints":{"allow":["GET"]}}],"collection":[{"href":"https:\/\/vital-hotel-frankfurt.info\/fr\/wp-json\/wp\/v2\/pages"}],"about":[{"href":"https:\/\/vital-hotel-frankfurt.info\/fr\/wp-json\/wp\/v2\/types\/page"}],"author":[{"embeddable":true,"href":"https:\/\/vital-hotel-frankfurt.info\/fr\/wp-json\/wp\/v2\/users\/1"}],"replies":[{"embeddable":true,"href":"https:\/\/vital-hotel-frankfurt.info\/fr\/wp-json\/wp\/v2\/comments?post=1051"}],"version-history":[{"count":8,"href":"https:\/\/vital-hotel-frankfurt.info\/fr\/wp-json\/wp\/v2\/pages\/1051\/revisions"}],"predecessor-version":[{"id":1953,"href":"https:\/\/vital-hotel-frankfurt.info\/fr\/wp-json\/wp\/v2\/pages\/1051\/revisions\/1953"}],"up":[{"embeddable":true,"href":"https:\/\/vital-hotel-frankfurt.info\/fr\/wp-json\/wp\/v2\/pages\/771"}],"wp:attachment":[{"href":"https:\/\/vital-hotel-frankfurt.info\/fr\/wp-json\/wp\/v2\/media?parent=1051"}],"curies":[{"name":"wp","href":"https:\/\/api.w.org\/{rel}","templated":true}]}}