{"id":773,"date":"2020-05-28T20:28:26","date_gmt":"2020-05-28T20:28:26","guid":{"rendered":"https:\/\/vital-hotel-frankfurt.info\/?page_id=773"},"modified":"2021-07-08T14:05:39","modified_gmt":"2021-07-08T12:05:39","slug":"erlebnisbad","status":"publish","type":"page","link":"https:\/\/vital-hotel-frankfurt.info\/es\/wellness-fitness\/erlebnisbad\/","title":{"rendered":"Piscina de aventuras"},"content":{"rendered":"<div  class='av-hotspot-image-container av-kc6b74gm-df00b76a457e80fa1eabad54f6040b3b  avia-builder-el-0  el_before_av_textblock  avia-builder-el-first  av-hotspot-numbered av-mobile-fallback-active  av-non-fullwidth-hotspot-image'  itemprop=\"image\" itemscope=\"itemscope\" itemtype=\"https:\/\/schema.org\/ImageObject\" ><div class='av-hotspot-container'><div class='av-hotspot-container-inner-cell'><div class='av-hotspot-container-inner-wrap'><img decoding=\"async\" fetchpriority=\"high\" class='wp-image-1059 avia-img-lazy-loading-not-1059 avia_image' src=\"https:\/\/vital-hotel-frankfurt.info\/wp-content\/uploads\/2020\/07\/familien-special-ferien-1500x630.jpg\" alt='' title='Piscina de aventuras'  height=\"630\" width=\"1500\"  itemprop=\"thumbnailUrl\"  \/><\/div><\/div><\/div><\/div>\n<section  class='av_textblock_section av-kc6b9rtc-25a7c0b234f0d8aa8a19609adfe55223'   itemscope=\"itemscope\" itemtype=\"https:\/\/schema.org\/CreativeWork\" ><div class='avia_textblock'  itemprop=\"text\" ><h3 style=\"text-align: center;\">Piscina de aventuras<\/h3>\n<p style=\"text-align: left;\"><br class=\"avia-permanent-lb\" \/>Descubra el Rhein-Main-Therme: toboganes r\u00e1pidos, giroscopios acu\u00e1ticos salvajes o fuentes que salpican.<\/p>\n<p style=\"text-align: left;\">Ya sean mayores o peque\u00f1os, en la piscina de olas o en la espaciosa piscina exterior, las ratas de agua se relajan mejor con mucha diversi\u00f3n.<\/p>\n<p>Una peque\u00f1a selecci\u00f3n de nuestras atracciones:<\/p>\n<ul>\n<li>Piscina de olas<\/li>\n<li>2 toboganes gigantes<\/li>\n<li>Fuente<\/li>\n<li>Giroscopio de flujo<\/li>\n<li>Cascada<\/li>\n<li>Whirlpools<\/li>\n<li>Piscina deportiva de 25 metros con trampol\u00edn<\/li>\n<li>Piscina infantil<\/li>\n<\/ul>\n<\/div><\/section>\n<div  class='hr av-kc6cjkdy-89f03d73657c14189ef4a203615629ea hr-default  avia-builder-el-2  el_after_av_textblock  el_before_av_one_full'><span class='hr-inner'><span class=\"hr-inner-style\"><\/span><\/span><\/div>\n\n<style type=\"text\/css\" data-created_by=\"avia_inline_auto\" id=\"style-css-av-75rx1-3bee7b0bba93e84b23a3755a26e74eb6\">\n.flex_column.av-75rx1-3bee7b0bba93e84b23a3755a26e74eb6{\nborder-radius:0px 0px 0px 0px;\npadding:0px 0px 0px 0px;\n}\n<\/style>\n<div  class='flex_column av-75rx1-3bee7b0bba93e84b23a3755a26e74eb6 av_one_full  avia-builder-el-3  el_after_av_hr  avia-builder-el-last  first flex_column_div av-zero-column-padding'     ><p><article  class='iconbox iconbox_left av-kc6bzm6e-f2ceedca5e95292258ddc004292775f7  avia-builder-el-4  el_before_av_icon_box  avia-builder-el-first'  itemscope=\"itemscope\" itemtype=\"https:\/\/schema.org\/CreativeWork\" ><div class=\"iconbox_content\"><header class=\"entry-content-header\" aria-label=\"Icon: \u00d6ffnungszeiten\"><div class='iconbox_icon heading-color avia-iconfont avia-font-entypo-fontello' data-av_icon='\ue862' data-av_iconfont='entypo-fontello'  ><\/div><h3 class='iconbox_content_title'  itemprop=\"headline\" >Horarios de apertura<\/h3><\/header><div class='iconbox_content_container'  itemprop=\"text\" ><p>Diario<\/p>\n<p>08:00 a 21:45 <br class=\"avia-permanent-lb\" \/><br class=\"avia-permanent-lb\" \/><\/p>\n<p>\u00bfLe apetece nadar unos largos antes de desayunar? El mundo acu\u00e1tico del Rhein-Main-Therme est\u00e1 abierto especialmente para los hu\u00e9spedes de nuestro hotel de 8.00 a 9.00 horas. <br class=\"avia-permanent-lb\" \/><br class=\"avia-permanent-lb\" \/><\/p>\n<p>Ba\u00f1o matinal<\/p>\n<p>De lunes a viernes (no festivos)<\/p>\n<p>a partir de las 06:30 h en nuestra piscina deportiva<\/p>\n<\/div><\/div><footer class=\"entry-footer\"><\/footer><\/article><br \/>\n<article  class='iconbox iconbox_left av-kc6bzm6e-4bd8861cdd4b417a89c24f140b8989f4  avia-builder-el-5  el_after_av_icon_box  el_before_av_icon_box'  itemscope=\"itemscope\" itemtype=\"https:\/\/schema.org\/CreativeWork\" ><div class=\"iconbox_content\"><header class=\"entry-content-header\" aria-label=\"Icon: Zugang\"><div class='iconbox_icon heading-color avia-iconfont avia-font-entypo-fontello' data-av_icon='\ue81e' data-av_iconfont='entypo-fontello'  ><\/div><h3 class='iconbox_content_title'  itemprop=\"headline\" >Acceda a<\/h3><\/header><div class='iconbox_content_container'  itemprop=\"text\" ><p>Se accede directamente por el torniquete situado junto al ascensor. Para ello necesitar\u00e1 la llave de su habitaci\u00f3n.<\/p>\n<\/div><\/div><footer class=\"entry-footer\"><\/footer><\/article><br \/>\n<article  class='iconbox iconbox_left av-kc6bzm6e-7814f5fab34885f3144506b20ed85bb5  avia-builder-el-6  el_after_av_icon_box  el_before_av_icon_box'  itemscope=\"itemscope\" itemtype=\"https:\/\/schema.org\/CreativeWork\" ><div class=\"iconbox_content\"><header class=\"entry-content-header\" aria-label=\"Icon: Bademantel &amp; Handt\u00fccher\"><div class='iconbox_icon heading-color avia-iconfont avia-font-entypo-fontello' data-av_icon='\ue808' data-av_iconfont='entypo-fontello'  ><\/div><h3 class='iconbox_content_title'  itemprop=\"headline\" >Albornoz y toallas<\/h3><\/header><div class='iconbox_content_container'  itemprop=\"text\" ><p>En su habitaci\u00f3n encontrar\u00e1 una bolsa de ba\u00f1o preparada para utilizar el spa termal.<\/p>\n<\/div><\/div><footer class=\"entry-footer\"><\/footer><\/article><br \/>\n<article  class='iconbox iconbox_left av-kc6bzm6e-209698512e5ca9b5680d3c1e8f880b6d  avia-builder-el-7  el_after_av_icon_box  avia-builder-el-last'  itemscope=\"itemscope\" itemtype=\"https:\/\/schema.org\/CreativeWork\" ><div class=\"iconbox_content\"><header class=\"entry-content-header\" aria-label=\"Icon: Kinder &amp; Jugendliche\"><div class='iconbox_icon heading-color avia-iconfont avia-font-entypo-fontello' data-av_icon='\ue83e' data-av_iconfont='entypo-fontello'  ><\/div><h3 class='iconbox_content_title'  itemprop=\"headline\" >Ni\u00f1os y adolescentes<\/h3><\/header><div class='iconbox_content_container'  itemprop=\"text\" ><p>Los menores de 10 a\u00f1os s\u00f3lo podr\u00e1n entrar acompa\u00f1ados de un adulto.<\/p>\n<\/div><\/div><footer class=\"entry-footer\"><\/footer><\/article><\/p><\/div>","protected":false},"excerpt":{"rendered":"","protected":false},"author":1,"featured_media":0,"parent":771,"menu_order":1,"comment_status":"closed","ping_status":"closed","template":"","meta":{"footnotes":""},"class_list":["post-773","page","type-page","status-publish","hentry"],"_links":{"self":[{"href":"https:\/\/vital-hotel-frankfurt.info\/es\/wp-json\/wp\/v2\/pages\/773","targetHints":{"allow":["GET"]}}],"collection":[{"href":"https:\/\/vital-hotel-frankfurt.info\/es\/wp-json\/wp\/v2\/pages"}],"about":[{"href":"https:\/\/vital-hotel-frankfurt.info\/es\/wp-json\/wp\/v2\/types\/page"}],"author":[{"embeddable":true,"href":"https:\/\/vital-hotel-frankfurt.info\/es\/wp-json\/wp\/v2\/users\/1"}],"replies":[{"embeddable":true,"href":"https:\/\/vital-hotel-frankfurt.info\/es\/wp-json\/wp\/v2\/comments?post=773"}],"version-history":[{"count":21,"href":"https:\/\/vital-hotel-frankfurt.info\/es\/wp-json\/wp\/v2\/pages\/773\/revisions"}],"predecessor-version":[{"id":1501,"href":"https:\/\/vital-hotel-frankfurt.info\/es\/wp-json\/wp\/v2\/pages\/773\/revisions\/1501"}],"up":[{"embeddable":true,"href":"https:\/\/vital-hotel-frankfurt.info\/es\/wp-json\/wp\/v2\/pages\/771"}],"wp:attachment":[{"href":"https:\/\/vital-hotel-frankfurt.info\/es\/wp-json\/wp\/v2\/media?parent=773"}],"curies":[{"name":"wp","href":"https:\/\/api.w.org\/{rel}","templated":true}]}}