{"id":769,"date":"2020-05-28T20:26:21","date_gmt":"2020-05-28T20:26:21","guid":{"rendered":"https:\/\/vital-hotel-frankfurt.info\/?page_id=769"},"modified":"2024-04-02T09:27:21","modified_gmt":"2024-04-02T07:27:21","slug":"das-wichtigste","status":"publish","type":"page","link":"https:\/\/vital-hotel-frankfurt.info\/es\/das-wichtigste\/","title":{"rendered":"Todo sobre su estancia"},"content":{"rendered":"<div  class='av-hotspot-image-container av-kc687za4-e9228d4372286ed42ec59a46c57b33a0  avia-builder-el-0  el_before_av_textblock  avia-builder-el-first  av-hotspot-numbered av-mobile-fallback-active  av-non-fullwidth-hotspot-image'  itemprop=\"image\" itemscope=\"itemscope\" itemtype=\"https:\/\/schema.org\/ImageObject\" ><div class='av-hotspot-container'><div class='av-hotspot-container-inner-cell'><div class='av-hotspot-container-inner-wrap'><img decoding=\"async\" fetchpriority=\"high\" class='wp-image-628 avia-img-lazy-loading-not-628 avia_image' src=\"https:\/\/vital-hotel-frankfurt.info\/wp-content\/uploads\/2020\/05\/wellness-wochenende-klein-1500x630.jpg\" alt='' title='bienestar-fin de semana-peque\u00f1o'  height=\"630\" width=\"1500\"  itemprop=\"thumbnailUrl\"  \/><\/div><\/div><\/div><\/div>\n<section  class='av_textblock_section av-karqpju8-9cd200ed80f40bd8bcc0e52e6c4a95ee'   itemscope=\"itemscope\" itemtype=\"https:\/\/schema.org\/CreativeWork\" ><div class='avia_textblock'  itemprop=\"text\" ><h3 style=\"text-align: center;\">Los hechos m\u00e1s importantes en pocas palabras <br class=\"avia-permanent-lb\" \/><br class=\"avia-permanent-lb\" \/><\/h3>\n<p><strong>Llegada y salida<\/strong><\/p>\n<ul>\n<li>Llegada a partir de las 15.00 horas<\/li>\n<li>Salida hasta las 12.00 horas<\/li>\n<\/ul>\n<p><strong>Desayuno en el Restaurante Auszeit<\/strong><\/p>\n<ul>\n<li>De lunes a viernes, de 06.00 a 11.00 h.<\/li>\n<li>S\u00e1bados, domingos y festivos de 07.00 a 11.00 h.<\/li>\n<\/ul>\n<p><b>Restaurante Auszeit<\/b><\/p>\n<ul>\n<li>Todos los d\u00edas de 12:30 a 17:00<\/li>\n<li>y abre de 18:00 a 21:40.<\/li>\n<li>Le rogamos que acuda a la cena con ropa informal. No se permiten ba\u00f1adores, albornoces ni pantalones de ch\u00e1ndal.<\/li>\n<\/ul>\n<p><b>Bar panor\u00e1mico<\/b><\/p>\n<ul>\n<li>De domingo a jueves de 17:00 a 00:00<\/li>\n<li>Abierto viernes y s\u00e1bado de 17:00 a 01:00<\/li>\n<\/ul>\n<p><b>Recepci\u00f3n<\/b><\/p>\n<ul>\n<li>Puede ponerse en contacto con nosotros por tel\u00e9fono en la extensi\u00f3n 800<\/li>\n<li>con personal las 24 horas del d\u00eda<\/li>\n<\/ul>\n<p><b>Termas<\/b><\/p>\n<ul>\n<li>Piscina: todos los d\u00edas de 08:00 a 21:40<\/li>\n<li>Sauna: todos los d\u00edas de 09:00 a 21:40<\/li>\n<\/ul>\n<p><b>Fitness<\/b><\/p>\n<ul>\n<li>De lunes a viernes de 08:00 a 21:40<\/li>\n<li>S\u00e1bados, domingos y festivos de 09:00 a 21:00<\/li>\n<li>Por favor traiga una toalla para usar el VitaSPA<\/li>\n<\/ul>\n<p><strong>Masajes<\/strong><\/p>\n<ul>\n<li>Puede reservar masajes en terminbuchung.rhein-main-therme.de. Esto s\u00f3lo es posible con tres semanas de antelaci\u00f3n. No obstante, reserve sus masajes con antelaci\u00f3n.<\/li>\n<\/ul>\n<p><b>WLAN<\/b><\/p>\n<ul>\n<li>gratis<\/li>\n<li>Red: VitalHotel<\/li>\n<li>No es necesario introducir contrase\u00f1a<\/li>\n<\/ul>\n<p><b>Formas de pago<\/b><\/p>\n<ul>\n<li>Pago al contado<\/li>\n<li>Tarjeta CE<\/li>\n<li>VISA<\/li>\n<li>MasterCard<\/li>\n<li>American Express<\/li>\n<\/ul>\n<\/div><\/section>\n<div id='av-masonry-1' class='av-masonry av-kc68nfro-04038acfc1d64897e6bcb4a78e84ed13 noHover av-flex-size av-large-gap av-hover-overlay-active av-masonry-animation-active av-masonry-col-flexible av-caption-always av-caption-style- av-masonry-gallery' data-post_id=\"769\"><div class=\"av-masonry-container isotope av-js-disabled\"><div class='av-masonry-entry isotope-item av-masonry-item-no-image'><\/div><a href=\"https:\/\/vital-hotel-frankfurt.info\/wp-content\/uploads\/2020\/07\/info-wuerfel-1030x547.jpg\" data-srcset=\"https:\/\/vital-hotel-frankfurt.info\/wp-content\/uploads\/2020\/07\/info-wuerfel-1030x547.jpg 1030w, https:\/\/vital-hotel-frankfurt.info\/wp-content\/uploads\/2020\/07\/info-wuerfel-300x159.jpg 300w, https:\/\/vital-hotel-frankfurt.info\/wp-content\/uploads\/2020\/07\/info-wuerfel-768x408.jpg 768w, https:\/\/vital-hotel-frankfurt.info\/wp-content\/uploads\/2020\/07\/info-wuerfel-705x374.jpg 705w, https:\/\/vital-hotel-frankfurt.info\/wp-content\/uploads\/2020\/07\/info-wuerfel.jpg 1417w\" data-sizes=\"(max-width: 1030px) 100vw, 1030px\"  aria-label=\"image Informationen A bis Z\"  id='av-masonry-1-item-1005' data-av-masonry-item='1005' class='av-masonry-entry isotope-item post-1005 attachment type-attachment status-inherit hentry  av-masonry-item-with-image' title=\"Informaci\u00f3n de la A a la Z\" alt=\"\"  data-av-masonry-custom-link=\"https:\/\/vital-hotel-frankfurt.info\/das-wichtigste\/informationen-a-bis-z\/\"  itemprop=\"thumbnailUrl\" ><div class='av-inner-masonry-sizer'><\/div><figure class='av-inner-masonry main_color'><div class=\"av-masonry-outerimage-container\"><div class='av-masonry-image-container'  ><img decoding=\"async\" width=\"705\" height=\"374\" fetchpriority=\"high\" class=\"wp-image-1005 avia-img-lazy-loading-not-1005\"  src=\"https:\/\/vital-hotel-frankfurt.info\/wp-content\/uploads\/2020\/07\/info-wuerfel-705x374.jpg\" title=\"Informaci\u00f3n de la A a la Z\" alt=\"\" srcset=\"https:\/\/vital-hotel-frankfurt.info\/wp-content\/uploads\/2020\/07\/info-wuerfel-705x374.jpg 705w, https:\/\/vital-hotel-frankfurt.info\/wp-content\/uploads\/2020\/07\/info-wuerfel-300x159.jpg 300w, https:\/\/vital-hotel-frankfurt.info\/wp-content\/uploads\/2020\/07\/info-wuerfel-1030x547.jpg 1030w, https:\/\/vital-hotel-frankfurt.info\/wp-content\/uploads\/2020\/07\/info-wuerfel-768x408.jpg 768w, https:\/\/vital-hotel-frankfurt.info\/wp-content\/uploads\/2020\/07\/info-wuerfel.jpg 1417w\" sizes=\"(max-width: 705px) 100vw, 705px\" \/><\/div><\/div><figcaption class='av-inner-masonry-content site-background'><div class='av-inner-masonry-content-pos'><div class='av-inner-masonry-content-pos-content'><div class='avia-arrow'><\/div><h3 class='av-masonry-entry-title entry-title'  itemprop=\"headline\" >Informaci\u00f3n de la A a la Z<\/h3><\/div><\/div><\/figcaption><\/figure><\/a><!--end av-masonry entry--><a href=\"https:\/\/vital-hotel-frankfurt.info\/wp-content\/uploads\/2020\/05\/iStock-615904260-1030x686.jpg\" data-srcset=\"https:\/\/vital-hotel-frankfurt.info\/wp-content\/uploads\/2020\/05\/iStock-615904260-1030x686.jpg 1030w, https:\/\/vital-hotel-frankfurt.info\/wp-content\/uploads\/2020\/05\/iStock-615904260-300x200.jpg 300w, https:\/\/vital-hotel-frankfurt.info\/wp-content\/uploads\/2020\/05\/iStock-615904260-768x512.jpg 768w, https:\/\/vital-hotel-frankfurt.info\/wp-content\/uploads\/2020\/05\/iStock-615904260-1536x1024.jpg 1536w, https:\/\/vital-hotel-frankfurt.info\/wp-content\/uploads\/2020\/05\/iStock-615904260-2048x1365.jpg 2048w, https:\/\/vital-hotel-frankfurt.info\/wp-content\/uploads\/2020\/05\/iStock-615904260-1500x1000.jpg 1500w, https:\/\/vital-hotel-frankfurt.info\/wp-content\/uploads\/2020\/05\/iStock-615904260-705x470.jpg 705w\" data-sizes=\"(max-width: 1030px) 100vw, 1030px\"  aria-label=\"image Wichtige Telefonnummern\"  id='av-masonry-1-item-795' data-av-masonry-item='795' class='av-masonry-entry isotope-item post-795 attachment type-attachment status-inherit hentry  av-masonry-item-with-image' title=\"N\u00fameros de tel\u00e9fono importantes\" alt=\"\"  data-av-masonry-custom-link=\"https:\/\/vital-hotel-frankfurt.info\/das-wichtigste\/wichtige-telefonnummern\/\"  itemprop=\"thumbnailUrl\" ><div class='av-inner-masonry-sizer'><\/div><figure class='av-inner-masonry main_color'><div class=\"av-masonry-outerimage-container\"><div class='av-masonry-image-container'  ><img decoding=\"async\" width=\"705\" height=\"470\" fetchpriority=\"high\" class=\"wp-image-795 avia-img-lazy-loading-not-795\"  src=\"https:\/\/vital-hotel-frankfurt.info\/wp-content\/uploads\/2020\/05\/iStock-615904260-705x470.jpg\" title=\"N\u00fameros de tel\u00e9fono importantes\" alt=\"\" srcset=\"https:\/\/vital-hotel-frankfurt.info\/wp-content\/uploads\/2020\/05\/iStock-615904260-705x470.jpg 705w, https:\/\/vital-hotel-frankfurt.info\/wp-content\/uploads\/2020\/05\/iStock-615904260-300x200.jpg 300w, https:\/\/vital-hotel-frankfurt.info\/wp-content\/uploads\/2020\/05\/iStock-615904260-1030x686.jpg 1030w, https:\/\/vital-hotel-frankfurt.info\/wp-content\/uploads\/2020\/05\/iStock-615904260-768x512.jpg 768w, https:\/\/vital-hotel-frankfurt.info\/wp-content\/uploads\/2020\/05\/iStock-615904260-1536x1024.jpg 1536w, https:\/\/vital-hotel-frankfurt.info\/wp-content\/uploads\/2020\/05\/iStock-615904260-2048x1365.jpg 2048w, https:\/\/vital-hotel-frankfurt.info\/wp-content\/uploads\/2020\/05\/iStock-615904260-1500x1000.jpg 1500w\" sizes=\"(max-width: 705px) 100vw, 705px\" \/><\/div><\/div><figcaption class='av-inner-masonry-content site-background'><div class='av-inner-masonry-content-pos'><div class='av-inner-masonry-content-pos-content'><div class='avia-arrow'><\/div><h3 class='av-masonry-entry-title entry-title'  itemprop=\"headline\" >N\u00fameros de tel\u00e9fono importantes<\/h3><\/div><\/div><\/figcaption><\/figure><\/a><!--end av-masonry entry--><\/div><\/div>\n<div  class='flex_column av-av_one_half-41ee899840124b6993b57a87f996c353 av_one_half  avia-builder-el-3  el_after_av_masonry_gallery  el_before_av_one_half  avia-builder-el-first  first flex_column_div'     ><\/div>\n<div  class='flex_column av-av_one_half-58a6369d5c19d308284fa729d91312fa av_one_half  avia-builder-el-4  el_after_av_one_half  el_before_av_one_full  flex_column_div'     ><\/div>\n<div  class='flex_column av-av_one_full-41ee899840124b6993b57a87f996c353 av_one_full  avia-builder-el-5  el_after_av_one_half  avia-builder-el-last  first flex_column_div  column-top-margin'     ><\/div>","protected":false},"excerpt":{"rendered":"","protected":false},"author":1,"featured_media":0,"parent":0,"menu_order":1,"comment_status":"closed","ping_status":"closed","template":"","meta":{"footnotes":""},"class_list":["post-769","page","type-page","status-publish","hentry"],"_links":{"self":[{"href":"https:\/\/vital-hotel-frankfurt.info\/es\/wp-json\/wp\/v2\/pages\/769","targetHints":{"allow":["GET"]}}],"collection":[{"href":"https:\/\/vital-hotel-frankfurt.info\/es\/wp-json\/wp\/v2\/pages"}],"about":[{"href":"https:\/\/vital-hotel-frankfurt.info\/es\/wp-json\/wp\/v2\/types\/page"}],"author":[{"embeddable":true,"href":"https:\/\/vital-hotel-frankfurt.info\/es\/wp-json\/wp\/v2\/users\/1"}],"replies":[{"embeddable":true,"href":"https:\/\/vital-hotel-frankfurt.info\/es\/wp-json\/wp\/v2\/comments?post=769"}],"version-history":[{"count":23,"href":"https:\/\/vital-hotel-frankfurt.info\/es\/wp-json\/wp\/v2\/pages\/769\/revisions"}],"predecessor-version":[{"id":1885,"href":"https:\/\/vital-hotel-frankfurt.info\/es\/wp-json\/wp\/v2\/pages\/769\/revisions\/1885"}],"wp:attachment":[{"href":"https:\/\/vital-hotel-frankfurt.info\/es\/wp-json\/wp\/v2\/media?parent=769"}],"curies":[{"name":"wp","href":"https:\/\/api.w.org\/{rel}","templated":true}]}}