{"id":604,"date":"2020-05-06T05:11:08","date_gmt":"2020-05-06T05:11:08","guid":{"rendered":"https:\/\/rmt-webspace.de\/?page_id=604"},"modified":"2025-10-14T09:03:12","modified_gmt":"2025-10-14T07:03:12","slug":"informationen-a-bis-z","status":"publish","type":"page","link":"https:\/\/vital-hotel-frankfurt.info\/es\/das-wichtigste\/informationen-a-bis-z\/","title":{"rendered":"Informaci\u00f3n de la A a la Z"},"content":{"rendered":"<div  class='av-hotspot-image-container av-karrd1lr-1d1c1191634debf221be06eb0832c44b  avia-builder-el-0  el_before_av_tab_container  avia-builder-el-first  av-hotspot-numbered avia_animated_image avia_animate_when_almost_visible pop-up  av-non-fullwidth-hotspot-image'  itemprop=\"image\" itemscope=\"itemscope\" itemtype=\"https:\/\/schema.org\/ImageObject\" ><div class='av-hotspot-container'><div class='av-hotspot-container-inner-cell'><div class='av-hotspot-container-inner-wrap'><img decoding=\"async\" fetchpriority=\"high\" class='wp-image-1005 avia-img-lazy-loading-not-1005 avia_image' src=\"https:\/\/vital-hotel-frankfurt.info\/wp-content\/uploads\/2020\/07\/info-wuerfel-1417x630.jpg\" alt='' title='Informaci\u00f3n de la A a la Z'  height=\"630\" width=\"1417\"  itemprop=\"thumbnailUrl\"  \/><\/div><\/div><\/div><\/div>\n<div  class='tabcontainer av-k8prfrn0-969faabbfe51234be5e2fd318ecb395e top_tab  avia-builder-el-1  el_after_av_image_hotspot  avia-builder-el-no-sibling'>\n<section class='av_tab_section av_tab_section av-30ho-579118214e4f1627fd0738e028d3189f'  itemscope=\"itemscope\" itemtype=\"https:\/\/schema.org\/CreativeWork\" ><div id='tab-id-1-tab' class='tab active_tab' role='tab' aria-selected=\"true\" tabindex=\"0\" data-fake-id='#tab-id-1' aria-controls='tab-id-1-content'  itemprop=\"headline\" >A<\/div><div id='tab-id-1-content' class='tab_content active_tab_content' role='tabpanel' aria-labelledby='tab-id-1-tab' aria-hidden=\"false\"><div class='tab_inner_content invers-color'  itemprop=\"text\" ><h4>A<\/h4>\n<table>\n<tbody>\n<tr>\n<td width=\"416\">\n<h6>Salida<\/h6>\n<p>El d\u00eda de su salida le pedimos que desaloje su habitaci\u00f3n antes de las 12:00 horas. Sujeto a disponibilidad, podemos acordar una hora de salida posterior. El coste es de 50\u20ac hasta las 15:00 o de 100\u20ac hasta las 18:00.<\/td>\n<\/tr>\n<tr>\n<td width=\"416\">\n<h6>Al\u00e9rgicos<\/h6>\n<p>Por favor, inf\u00f3rmenos de cualquier alergia que pueda tener. Si tiene alguna alergia alimentaria, nuestro restaurante estar\u00e1 encantado de prepararle una alternativa.<\/td>\n<\/tr>\n<tr>\n<td width=\"416\">\n<h6>Farmacia<\/h6>\n<p>Dr Haas Apotheke im Chinon-Center, Chinonplatz 6, 65719 Hofheim,<br \/>\nTel\u00e9fono +49 6192 2060664 (aprox. 2 km)<\/p>\n<p>Nuestra recepci\u00f3n estar\u00e1 encantada de informarle sobre los horarios de apertura por la noche y los fines de semana.<\/td>\n<\/tr>\n<tr>\n<td width=\"416\">\n<h6>Doctor<\/h6>\n<p><span class=\"text3aa327604558737f\">Centro de atenci\u00f3n m\u00e9dica Dr. Oster<\/span>, Rheingaustra\u00dfe 56, 65719 Hofheim, tel\u00e9fono +49 6192 31148 (aprox. 3 km)<\/p>\n<p>Dr. Michael Sch\u00e4fer, Hauptstra\u00dfe 64a, 65719 Hofheim,<br \/>\nTel\u00e9fono +49 6192 9550390 (aprox. 3 km)<\/p>\n<p>\u00bfNecesita un especialista m\u00e9dico? Nuestro personal de recepci\u00f3n estar\u00e1 encantado de ayudarle.<\/td>\n<\/tr>\n<tr>\n<td width=\"416\">\n<h6>Excursiones<\/h6>\n<p>En el vest\u00edbulo hay un expositor con varios folletos sobre posibles destinos de excursi\u00f3n.<\/p>\n<p>\u00bfNo hay nada? Entonces hable con nosotros, nuestro personal de recepci\u00f3n estar\u00e1 encantado de asesorarle individualmente.<\/td>\n<\/tr>\n<tr>\n<td width=\"416\">\n<h6>Plazas de aparcamiento<\/h6>\n<p>Puede utilizar nuestro aparcamiento por 7,00 \u20ac por coche y noche.<\/td>\n<\/tr>\n<tr>\n<td width=\"416\">\n<h6>Alquiler de coches<\/h6>\n<p>BT Car Hire &amp; Transport, Casteller Stra\u00dfe 97c,<br \/>\n65719 Hofheim am Taunus, tel\u00e9fono +49 6192 954799 (aprox. 12 km)<\/td>\n<\/tr>\n<\/tbody>\n<\/table>\n<\/div><\/div><\/section>\n<section class='av_tab_section av_tab_section av-9nll0-7635a3c06741523de8d10c8a36d241b1'  itemscope=\"itemscope\" itemtype=\"https:\/\/schema.org\/CreativeWork\" ><div id='tab-id-2-tab' class='tab' role='tab' aria-selected=\"false\" tabindex=\"0\" data-fake-id='#tab-id-2' aria-controls='tab-id-2-content'  itemprop=\"headline\" >B<\/div><div id='tab-id-2-content' class='tab_content' role='tabpanel' aria-labelledby='tab-id-2-tab' aria-hidden=\"true\"><div class='tab_inner_content invers-color'  itemprop=\"text\" ><h4>B<\/h4>\n<table>\n<tbody>\n<tr>\n<td width=\"416\">\n<h6>Equipo de ba\u00f1o<\/h6>\n<p>En su habitaci\u00f3n encontrar\u00e1 un albornoz y zapatillas. Le rogamos que no deje el albornoz ni la toalla de ba\u00f1o en la zona de bienestar ni en el Rhein-Main-Therme, sino que los lleve a su habitaci\u00f3n para cambiarlos.<\/td>\n<\/tr>\n<tr>\n<td width=\"416\">\n<h6>Bancos<\/h6>\n<p>Taunus Sparkasse Hofheim, Am Untertor 6, 65719 Hofheim,<br \/>\nTel\u00e9fono +49 800 51250000 (aprox. 2 km)<\/p>\n<p>Commerzbank Hofheim, Kirschgartenstra\u00dfe 10-12, 65719 Hofheim, tel\u00e9fono +49 6192 96580 (aprox. 2 km)<\/p>\n<p>Volksbank Hofheim, Hauptstra\u00dfe 75, 65719 Hofheim,<br \/>\nTel\u00e9fono +49 6192 2080 (aprox. 2 km)<\/td>\n<\/tr>\n<tr>\n<td width=\"416\">\n<h6>Bar<\/h6>\n<p>Acomp\u00e1\u00f1enos en un recorrido circular por el bar, con vistas al Taunus y al horizonte de Fr\u00e1ncfort.<\/p>\n<p>Nuestro bar panor\u00e1mico est\u00e1 abierto todos los d\u00edas de domingo a jueves de 17:00 a 00:00 y los viernes y s\u00e1bados de 17:00 a 01:00. Puede acceder al Bar Panorama a trav\u00e9s de un ascensor situado entre las habitaciones 127\/128 y 227\/228.<\/td>\n<\/tr>\n<tr>\n<td width=\"416\"><\/td>\n<\/tr>\n<tr>\n<td width=\"416\">\n<h6>Flores<\/h6>\n<p>Puede encargar sus flores c\u00f3modamente a trav\u00e9s de la siguiente p\u00e1gina:<\/p>\n<p><a href=\"https:\/\/www.fleurop.de\/partnerfloristen\/fleurop-filialen\/65719-hofheim\/hoffmann-heike-hauptstr-68\">https:\/\/www.fleurop.de\/partnerfloristen\/fleurop-filialen\/65719-hofheim\/hoffmann-heike-hauptstr-68<\/a><\/p>\n<p>Para la direcci\u00f3n, introduzca nuestra direcci\u00f3n. Para el nombre, introduzca el nombre de la habitaci\u00f3n. Si tiene una hora preferida, debe enviar un correo electr\u00f3nico aparte a Fleurop, de lo contrario las flores llegar\u00e1n entre las 8 de la ma\u00f1ana y las 8 de la tarde. Si tiene alg\u00fan problema, puede llamar a la l\u00ednea directa: +49 30 71371-202<\/td>\n<\/tr>\n<tr>\n<td width=\"416\">\n<h6>Protecci\u00f3n contra incendios<\/h6>\n<p>Nuestro edificio est\u00e1 equipado con la m\u00e1s moderna tecnolog\u00eda de alarma contra incendios. Las v\u00edas de evacuaci\u00f3n son f\u00e1cilmente accesibles y est\u00e1n claramente se\u00f1alizadas con los s\u00edmbolos correspondientes. En caso de emergencia, siga las instrucciones de nuestro personal y no utilice nunca los ascensores.<\/td>\n<\/tr>\n<tr>\n<td width=\"416\">\n<h6>Autob\u00fas<\/h6>\n<p>Hay una parada de autob\u00fas a pocos metros del hotel. Ofrece conexiones con el centro de Hofheim y la estaci\u00f3n de tren de Hofheim.<\/p>\n<p>Nombre de la parada: Rhein-Main-Therme<\/td>\n<\/tr>\n<\/tbody>\n<\/table>\n<\/div><\/div><\/section>\n<section class='av_tab_section av_tab_section av-2ixv9g-31d53180f689935bf5bd992b58b88246'  itemscope=\"itemscope\" itemtype=\"https:\/\/schema.org\/CreativeWork\" ><div id='tab-id-3-tab' class='tab' role='tab' aria-selected=\"false\" tabindex=\"0\" data-fake-id='#tab-id-3' aria-controls='tab-id-3-content'  itemprop=\"headline\" >D<\/div><div id='tab-id-3-content' class='tab_content' role='tabpanel' aria-labelledby='tab-id-3-tab' aria-hidden=\"true\"><div class='tab_inner_content invers-color'  itemprop=\"text\" ><h4>D<\/h4>\n<table>\n<tbody>\n<tr>\n<td width=\"416\">\n<h6>C\u00f3digo de vestimenta<\/h6>\n<p>Le rogamos que venga a cenar a nuestro restaurante \u201eAuszeit\u201c y al Panoramabar en ropa informal. No se admiten ba\u00f1adores, albornoces ni pantalones de ch\u00e1ndal.<\/p>\n<p>Puede venir a desayunar en pantal\u00f3n de ch\u00e1ndal, pero tampoco se permiten albornoces ni ba\u00f1adores.<\/td>\n<\/tr>\n<\/tbody>\n<tbody>\n<tr>\n<td width=\"416\">\n<h6>Farmacia<\/h6>\n<p>Los art\u00edculos de droguer\u00eda e higiene olvidados pueden obtenerse en recepci\u00f3n o en el centro de Hofheim, por ejemplo en el Chinon-Center.<\/td>\n<\/tr>\n<\/tbody>\n<\/table>\n<\/div><\/div><\/section>\n<section class='av_tab_section av_tab_section av-2gx3nw-5752ad8c9a8c1fb8750a2839d72d22bf'  itemscope=\"itemscope\" itemtype=\"https:\/\/schema.org\/CreativeWork\" ><div id='tab-id-4-tab' class='tab' role='tab' aria-selected=\"false\" tabindex=\"0\" data-fake-id='#tab-id-4' aria-controls='tab-id-4-content'  itemprop=\"headline\" >E<\/div><div id='tab-id-4-content' class='tab_content' role='tabpanel' aria-labelledby='tab-id-4-tab' aria-hidden=\"true\"><div class='tab_inner_content invers-color'  itemprop=\"text\" ><h4>E<\/h4>\n<table>\n<tbody>\n<tr>\n<td width=\"416\">\n<h6>Compras<\/h6>\n<p>En las inmediaciones se encuentra el Centro Chinon (centro de la ciudad de Hofheim). El Main-Taunus-Zentrum, con numerosas tiendas, est\u00e1 a 10 minutos en coche. Para m\u00e1s informaci\u00f3n, p\u00f3ngase en contacto con la recepci\u00f3n.<\/td>\n<\/tr>\n<\/tbody>\n<\/table>\n<\/div><\/div><\/section>\n<section class='av_tab_section av_tab_section av-27mrec-adea62ebee415fd2d5437ad588e78e1c'  itemscope=\"itemscope\" itemtype=\"https:\/\/schema.org\/CreativeWork\" ><div id='tab-id-5-tab' class='tab' role='tab' aria-selected=\"false\" tabindex=\"0\" data-fake-id='#tab-id-5' aria-controls='tab-id-5-content'  itemprop=\"headline\" >F<\/div><div id='tab-id-5-content' class='tab_content' role='tabpanel' aria-labelledby='tab-id-5-tab' aria-hidden=\"true\"><div class='tab_inner_content invers-color'  itemprop=\"text\" ><h4>F<\/h4>\n<table>\n<tbody>\n<tr>\n<td width=\"416\">\n<h6>Comentarios<\/h6>\n<p>Nos esforzamos constantemente por personalizar su estancia seg\u00fan sus deseos y superar sus expectativas. Si algo no le satisface, p\u00f3ngase en contacto directamente con la recepci\u00f3n. S\u00f3lo gracias a usted podremos responderle lo antes posible.<\/td>\n<\/tr>\n<tr>\n<td width=\"416\">\n<h6>Fitness<\/h6>\n<p>El gimnasio \u201eVitaSpa\u201c est\u00e1 a su disposici\u00f3n gratuitamente todos los d\u00edas de 8:00 a 21:00 horas. La edad m\u00ednima es de 18 a\u00f1os.<\/td>\n<\/tr>\n<tr>\n<td width=\"416\">\n<h6>Aeropuerto<\/h6>\n<p>El aeropuerto m\u00e1s cercano es el de Fr\u00e1ncfort, a unos 13 km. Tel\u00e9fono +49 180 63724636.<\/td>\n<\/tr>\n<tr>\n<td width=\"416\">\n<h6>Peluquer\u00eda<\/h6>\n<p>\u00bfNecesita un peluquero? Nuestro personal de recepci\u00f3n estar\u00e1 encantado de ayudarle.<\/td>\n<\/tr>\n<tr>\n<td width=\"416\">\n<h6>Objetos perdidos<\/h6>\n<p>\u00bfHa perdido algo? P\u00f3ngase en contacto con recepci\u00f3n.<\/td>\n<\/tr>\n<\/tbody>\n<\/table>\n<\/div><\/div><\/section>\n<section class='av_tab_section av_tab_section av-248rf8-22a81e6ad16f6a14e6367a219874973d'  itemscope=\"itemscope\" itemtype=\"https:\/\/schema.org\/CreativeWork\" ><div id='tab-id-6-tab' class='tab' role='tab' aria-selected=\"false\" tabindex=\"0\" data-fake-id='#tab-id-6' aria-controls='tab-id-6-content'  itemprop=\"headline\" >G<\/div><div id='tab-id-6-content' class='tab_content' role='tabpanel' aria-labelledby='tab-id-6-tab' aria-hidden=\"true\"><div class='tab_inner_content invers-color'  itemprop=\"text\" ><h4>G<\/h4>\n<table>\n<tbody>\n<tr>\n<td width=\"416\">\n<h6>Equipaje<\/h6>\n<p>Si no desea dejar su habitaci\u00f3n inmediatamente despu\u00e9s de la salida, puede por supuesto dejar su equipaje con nosotros hasta entonces.<\/td>\n<\/tr>\n<tr>\n<td width=\"416\">\n<h6>Regalo<\/h6>\n<p>\u00bfQuiere regalar un cheque regalo? Disponemos de vales para los distintos espacios de nuestro hotel. En recepci\u00f3n estar\u00e1n encantados de entregarle un vale y responder a cualquier pregunta que pueda tener.<\/td>\n<\/tr>\n<\/tbody>\n<\/table>\n<\/div><\/div><\/section>\n<section class='av_tab_section av_tab_section av-6nanw-4a53a3f56aa7131bcf13d65985006a9f'  itemscope=\"itemscope\" itemtype=\"https:\/\/schema.org\/CreativeWork\" ><div id='tab-id-7-tab' class='tab' role='tab' aria-selected=\"false\" tabindex=\"0\" data-fake-id='#tab-id-7' aria-controls='tab-id-7-content'  itemprop=\"headline\" >H<\/div><div id='tab-id-7-content' class='tab_content' role='tabpanel' aria-labelledby='tab-id-7-tab' aria-hidden=\"true\"><div class='tab_inner_content invers-color'  itemprop=\"text\" ><h4>H<\/h4>\n<table>\n<tbody>\n<tr>\n<td width=\"416\">\n<h6>Limpieza<\/h6>\n<p>Puede ponerse en contacto con nuestro equipo de limpieza en el -830 y estar\u00e1 encantado de ayudarle con peticiones como jarrones, almohadas extra o perchas adicionales.<\/td>\n<\/tr>\n<\/tbody>\n<\/table>\n<\/div><\/div><\/section>\n<section class='av_tab_section av_tab_section av-1oys1g-c934cf9415052cdf2efc8c673222351b'  itemscope=\"itemscope\" itemtype=\"https:\/\/schema.org\/CreativeWork\" ><div id='tab-id-8-tab' class='tab' role='tab' aria-selected=\"false\" tabindex=\"0\" data-fake-id='#tab-id-8' aria-controls='tab-id-8-content'  itemprop=\"headline\" >I<\/div><div id='tab-id-8-content' class='tab_content' role='tabpanel' aria-labelledby='tab-id-8-tab' aria-hidden=\"true\"><div class='tab_inner_content invers-color'  itemprop=\"text\" ><h4>I<\/h4>\n<table>\n<tbody>\n<tr>\n<td width=\"416\">\n<h6>Acceso a Internet<\/h6>\n<p>Hay una conexi\u00f3n W-LAN gratuita disponible en todo el edificio. Para utilizarla, marque en la red \u201eVitalHotel\u201c. No se necesitan datos de acceso.<\/td>\n<\/tr>\n<\/tbody>\n<\/table>\n<\/div><\/div><\/section>\n<section class='av_tab_section av_tab_section av-1iu1a4-f731bd600a4e00717c21639722946bf7'  itemscope=\"itemscope\" itemtype=\"https:\/\/schema.org\/CreativeWork\" ><div id='tab-id-9-tab' class='tab' role='tab' aria-selected=\"false\" tabindex=\"0\" data-fake-id='#tab-id-9' aria-controls='tab-id-9-content'  itemprop=\"headline\" >K<\/div><div id='tab-id-9-content' class='tab_content' role='tabpanel' aria-labelledby='tab-id-9-tab' aria-hidden=\"true\"><div class='tab_inner_content invers-color'  itemprop=\"text\" ><h4>K<\/h4>\n<table>\n<tbody>\n<tr>\n<td width=\"416\">\n<h6>Caf\u00e9 y tarta<\/h6>\n<p>Servimos caf\u00e9 y pasteles todos los d\u00edas de 14:00 a 17:00 en nuestro bar del vest\u00edbulo, en la planta baja.<\/td>\n<\/tr>\n<tr>\n<td width=\"416\">\n<h6>Pago con tarjeta<\/h6>\n<p>En el Hotel Vital aceptamos las siguientes tarjetas: American Express, Mastercard, Visa y tarjetas EC.<\/td>\n<\/tr>\n<tr>\n<td width=\"416\">\n<h6>Cine<\/h6>\n<p>Centro Kinopolis Main-Taunus Sulzbach, 65843 Sulzbach<br \/>\n(a unos 9 km). La programaci\u00f3n actual de cine est\u00e1 disponible en recepci\u00f3n.<\/td>\n<\/tr>\n<tr>\n<td width=\"416\">\n<h6>Coj\u00edn<\/h6>\n<p>\u00bfNecesitas un coj\u00edn extra? Hay otro coj\u00edn en el armario. O puede ponerse en contacto con nuestro equipo de limpieza en el -830.<\/td>\n<\/tr>\n<tr>\n<td width=\"416\">\n<h6>Hospital<\/h6>\n<p>El hospital m\u00e1s cercano se encuentra en Hofheim \u201eKliniken des Main-Taunus-Kreises\u201c, Lindenstra\u00dfe 10, 65719 Hofheim,<br \/>\nTel\u00e9fono +49 6192 983 (aprox. 2 km).<\/td>\n<\/tr>\n<\/tbody>\n<\/table>\n<\/div><\/div><\/section>\n<section class='av_tab_section av_tab_section av-50hdo-77c0de0526a63eeb4b24364e125c7b9c'  itemscope=\"itemscope\" itemtype=\"https:\/\/schema.org\/CreativeWork\" ><div id='tab-id-10-tab' class='tab' role='tab' aria-selected=\"false\" tabindex=\"0\" data-fake-id='#tab-id-10' aria-controls='tab-id-10-content'  itemprop=\"headline\" >M<\/div><div id='tab-id-10-content' class='tab_content' role='tabpanel' aria-labelledby='tab-id-10-tab' aria-hidden=\"true\"><div class='tab_inner_content invers-color'  itemprop=\"text\" ><h4>M<\/h4>\n<table>\n<tbody>\n<tr>\n<td width=\"416\">\n<h6>Maxibar<\/h6>\n<p>Puede comprar peque\u00f1os tentempi\u00e9s, bebidas y art\u00edculos de droguer\u00eda las 24 horas del d\u00eda en nuestros Maxibares de las plantas 1\u00aa y 2\u00aa, en diagonal frente al ascensor que lleva al Bar Panorama.<\/td>\n<\/tr>\n<\/tbody>\n<\/table>\n<\/div><\/div><\/section>\n<section class='av_tab_section av_tab_section av-1aeh1g-075f52f6740afe251f97289b88136f4a'  itemscope=\"itemscope\" itemtype=\"https:\/\/schema.org\/CreativeWork\" ><div id='tab-id-11-tab' class='tab' role='tab' aria-selected=\"false\" tabindex=\"0\" data-fake-id='#tab-id-11' aria-controls='tab-id-11-content'  itemprop=\"headline\" >N<\/div><div id='tab-id-11-content' class='tab_content' role='tabpanel' aria-labelledby='tab-id-11-tab' aria-hidden=\"true\"><div class='tab_inner_content invers-color'  itemprop=\"text\" ><h4>N<\/h4>\n<table>\n<tbody>\n<tr>\n<td width=\"416\">\n<h6>Servicio de costura<\/h6>\n<p>Estaremos encantados de ofrecerle un servicio de costura gratuito (sin alteraciones de sastrer\u00eda).<\/p>\n<p>P\u00f3ngase en contacto con nuestro equipo de limpieza en el tel\u00e9fono: -830.<\/td>\n<\/tr>\n<tr>\n<td width=\"416\">\n<h6>Llamada de emergencia<\/h6>\n<p>P\u00f3ngase en contacto con nuestra recepci\u00f3n en el -800 o directamente en el 0112.<\/td>\n<\/tr>\n<\/tbody>\n<\/table>\n<\/div><\/div><\/section>\n<section class='av_tab_section av_tab_section av-132sr8-5264a4a86fe7dfb5b21e0d6e86dd6b62'  itemscope=\"itemscope\" itemtype=\"https:\/\/schema.org\/CreativeWork\" ><div id='tab-id-12-tab' class='tab' role='tab' aria-selected=\"false\" tabindex=\"0\" data-fake-id='#tab-id-12' aria-controls='tab-id-12-content'  itemprop=\"headline\" >P<\/div><div id='tab-id-12-content' class='tab_content' role='tabpanel' aria-labelledby='tab-id-12-tab' aria-hidden=\"true\"><div class='tab_inner_content invers-color'  itemprop=\"text\" ><h4>P<\/h4>\n<table>\n<tbody>\n<tr>\n<td width=\"416\">\n<h6>Aparcamiento<\/h6>\n<p>El aparcamiento cuesta 7,00 euros\/noche para los hu\u00e9spedes del hotel.<br \/>\nLe invitamos a utilizar el espacio situado justo delante de la entrada del hotel para descargar su equipaje durante un breve espacio de tiempo, pero le rogamos que mueva su coche despu\u00e9s, ya que se trata de nuestra v\u00eda de acceso para los bomberos.<br \/>\nEn caso de p\u00e9rdida del ticket de aparcamiento, se cobrar\u00e1 un suplemento de 15,00 euros.<br \/>\nDurante su estancia puede dejar el aparcamiento con la llave de su habitaci\u00f3n.<\/td>\n<\/tr>\n<tr>\n<td width=\"416\">\n<h6>Polic\u00eda<\/h6>\n<p>Comisar\u00eda de polic\u00eda, Zeilsheimer Stra\u00dfe 59, 65719 Hofheim,<br \/>\nTel\u00e9fono +49 6192 2079140 (aprox. 1 km)<\/td>\n<\/tr>\n<tr>\n<td width=\"416\">\n<h6>Publicar en<\/h6>\n<p>Por supuesto, puede entregar su correo en recepci\u00f3n. El correo se recoge una vez al d\u00eda.<\/td>\n<\/tr>\n<\/tbody>\n<\/table>\n<\/div><\/div><\/section>\n<section class='av_tab_section av_tab_section av-elspg-c954de9f93e7587d6a23c809a194510d'  itemscope=\"itemscope\" itemtype=\"https:\/\/schema.org\/CreativeWork\" ><div id='tab-id-13-tab' class='tab' role='tab' aria-selected=\"false\" tabindex=\"0\" data-fake-id='#tab-id-13' aria-controls='tab-id-13-content'  itemprop=\"headline\" >R<\/div><div id='tab-id-13-content' class='tab_content' role='tabpanel' aria-labelledby='tab-id-13-tab' aria-hidden=\"true\"><div class='tab_inner_content invers-color'  itemprop=\"text\" ><h4>R<\/h4>\n<table>\n<tbody>\n<tr>\n<td width=\"430\">\n<h6>Fumar<\/h6>\n<p>Todas las habitaciones de nuestro hotel son para no fumadores. Por lo tanto, le rogamos que fume en el balc\u00f3n del Bar Panorama o en su habitaci\u00f3n. Gracias por su comprensi\u00f3n. Nos reservamos el derecho de cobrarle una tasa de 150,00 \u20ac por incumplimiento.<\/td>\n<\/tr>\n<tr>\n<td width=\"430\">\n<h6>Recepci\u00f3n<\/h6>\n<p>Nuestra recepci\u00f3n est\u00e1 atendida las 24 horas del d\u00eda. Puede ponerse en contacto con nuestro personal en la extensi\u00f3n -800.<\/td>\n<\/tr>\n<tr>\n<td width=\"430\">\n<h6>Rin-Meno-Terme<\/h6>\n<p>El Rhein-Main-Therme est\u00e1 a su disposici\u00f3n gratuitamente durante su estancia. Si desea utilizar los ba\u00f1os termales despu\u00e9s de las 12:00 horas del d\u00eda de salida, podemos ofrecerle la entrada a un precio reducido. P\u00f3ngase en contacto con la recepci\u00f3n.<\/td>\n<\/tr>\n<\/tbody>\n<\/table>\n<\/div><\/div><\/section>\n<section class='av_tab_section av_tab_section av-azf18-2e6f621dde7de0af56eb382ac91a36d7'  itemscope=\"itemscope\" itemtype=\"https:\/\/schema.org\/CreativeWork\" ><div id='tab-id-14-tab' class='tab' role='tab' aria-selected=\"false\" tabindex=\"0\" data-fake-id='#tab-id-14' aria-controls='tab-id-14-content'  itemprop=\"headline\" >S<\/div><div id='tab-id-14-content' class='tab_content' role='tabpanel' aria-labelledby='tab-id-14-tab' aria-hidden=\"true\"><div class='tab_inner_content invers-color'  itemprop=\"text\" ><h4>S<\/h4>\n<table>\n<tbody>\n<tr>\n<td width=\"430\">\n<h6>Seguro<\/h6>\n<p>Su caja fuerte se encuentra en su armario. \u00bfTiene alguna pregunta sobre el servicio? Nuestro personal estar\u00e1 encantado de ayudarle. Le recordamos que los objetos de valor de la caja fuerte de la habitaci\u00f3n s\u00f3lo est\u00e1n asegurados de forma limitada. Por favor, deposite su dinero en efectivo y cualquier otro objeto de valor en la caja fuerte de su habitaci\u00f3n. Tenga en cuenta las limitaciones de responsabilidad indicadas en la caja fuerte de la habitaci\u00f3n.<\/td>\n<\/tr>\n<tr>\n<td width=\"430\">\n<h6>Sauna<\/h6>\n<p>La zona de sauna del Rhein-Main-Therme est\u00e1 a su disposici\u00f3n gratuitamente durante toda su estancia. Esta zona est\u00e1 libre de textiles.<\/p>\n<p>Los menores de 16 a\u00f1os s\u00f3lo pueden acceder a la sauna acompa\u00f1ados de un adulto.<\/td>\n<\/tr>\n<tr>\n<td width=\"430\">\n<h6>Piscina<\/h6>\n<p>\u00bfLe apetece nadar unos largos antes de desayunar? El mundo acu\u00e1tico del Rhein-Main-Therme est\u00e1 abierto especialmente para los hu\u00e9spedes de nuestro hotel de 8.00 a 9.00 horas.<\/p>\n<p>Nataci\u00f3n matinal diaria de lunes a viernes a partir de las 06:30 (piscina deportiva)<\/td>\n<\/tr>\n<\/tbody>\n<\/table>\n<\/div><\/div><\/section>\n<section class='av_tab_section av_tab_section av-ivrx0-1e951122fa17778311e14d04288978f5'  itemscope=\"itemscope\" itemtype=\"https:\/\/schema.org\/CreativeWork\" ><div id='tab-id-15-tab' class='tab' role='tab' aria-selected=\"false\" tabindex=\"0\" data-fake-id='#tab-id-15' aria-controls='tab-id-15-content'  itemprop=\"headline\" >T<\/div><div id='tab-id-15-content' class='tab_content' role='tabpanel' aria-labelledby='tab-id-15-tab' aria-hidden=\"true\"><div class='tab_inner_content invers-color'  itemprop=\"text\" ><h4>T<\/h4>\n<table>\n<tbody>\n<tr>\n<td width=\"416\">\n<h6>Gasolinera<\/h6>\n<p>Estaci\u00f3n Total Hofheim, Zeilsheimer Stra\u00dfe 37, 65719 Hofheim, tel\u00e9fono +49 6192 6776 (aprox. 2 km)<\/p>\n<p>Esso Hofheim, Elisabethenstra\u00dfe 2, 65719 Hofheim,<br \/>\nTel\u00e9fono +49 6192 21088 (aprox. 2 km)<\/td>\n<\/tr>\n<tr>\n<td width=\"416\">\n<h6>Buceo<\/h6>\n<p>Escuela de buceo Empresas, Niederhofheimer Stra\u00dfe 67,<br \/>\n65719 Hofheim, Tel\u00e9fono +49 6192 979345<\/td>\n<\/tr>\n<tr>\n<td width=\"416\">\n<h6>Taxi<\/h6>\n<p>P\u00f3ngase en contacto con la recepci\u00f3n. Nuestra compa\u00f1\u00eda local de taxis estar\u00e1 en el lugar a los pocos minutos de pedirlo.<\/td>\n<\/tr>\n<tr>\n<td width=\"416\">\n<h6>Tel\u00e9fono<\/h6>\n<p>Desde su habitaci\u00f3n, puede seleccionar una l\u00ednea exterior directamente a trav\u00e9s del 0 y hacer llamadas de larga distancia. \u00bfDesea llamar a otra habitaci\u00f3n? Entonces marque el 8 m\u00e1s el n\u00famero de la habitaci\u00f3n.<\/td>\n<\/tr>\n<\/tbody>\n<\/table>\n<\/div><\/div><\/section>\n<section class='av_tab_section av_tab_section av-gmuc4-52795fb47465ee82ecffaf5dc40b6a42'  itemscope=\"itemscope\" itemtype=\"https:\/\/schema.org\/CreativeWork\" ><div id='tab-id-16-tab' class='tab' role='tab' aria-selected=\"false\" tabindex=\"0\" data-fake-id='#tab-id-16' aria-controls='tab-id-16-content'  itemprop=\"headline\" >W<\/div><div id='tab-id-16-content' class='tab_content' role='tabpanel' aria-labelledby='tab-id-16-tab' aria-hidden=\"true\"><div class='tab_inner_content invers-color'  itemprop=\"text\" ><h4>W<\/h4>\n<table>\n<tbody>\n<tr>\n<td width=\"416\">\n<h6>Servicio de lavander\u00eda<\/h6>\n<p>Le invitamos a que le lavemos la ropa. Le devolveremos la colada el mismo d\u00eda si la entrega (antes de las 9.00 horas). No podemos ofrecer servicio de lavander\u00eda los s\u00e1bados, domingos y festivos. Por favor, rellene la hoja de lavander\u00eda y deposite su ropa en la bolsa de lavander\u00eda. Encontrar\u00e1 ambos en su armario. Para la recogida, p\u00f3ngase en contacto con el servicio de limpieza o con la recepci\u00f3n.<\/td>\n<\/tr>\n<tr>\n<td width=\"416\">\n<h6>Llamada de atenci\u00f3n<\/h6>\n<p>\u00bfNecesita que le despierten? P\u00f3ngase en contacto con recepci\u00f3n.<\/td>\n<\/tr>\n<\/tbody>\n<\/table>\n<\/div><\/div><\/section>\n<section class='av_tab_section av_tab_section av-8pfn8-ca50980ac2e64a2bfceeece6a6068b7e'  itemscope=\"itemscope\" itemtype=\"https:\/\/schema.org\/CreativeWork\" ><div id='tab-id-17-tab' class='tab' role='tab' aria-selected=\"false\" tabindex=\"0\" data-fake-id='#tab-id-17' aria-controls='tab-id-17-content'  itemprop=\"headline\" >Z<\/div><div id='tab-id-17-content' class='tab_content' role='tabpanel' aria-labelledby='tab-id-17-tab' aria-hidden=\"true\"><div class='tab_inner_content invers-color'  itemprop=\"text\" ><h4>Z<\/h4>\n<table>\n<tbody>\n<tr>\n<td width=\"416\">\n<h6>Dentista<\/h6>\n<p>Cl\u00ednica dental Dr. Buch &amp; Dr. Blum, Bahnstr. 18a, 65779 Kelkheim, Tel.: +49 6195 2442<\/td>\n<\/tr>\n<tr>\n<td width=\"416\">\n<h6>Llave de la habitaci\u00f3n<\/h6>\n<p>La llave sirve tanto para la habitaci\u00f3n como para el spa. En el spa termal puedes reservar comida y bebida con la llave de la habitaci\u00f3n.<br \/>\nSi pierde la llave de su habitaci\u00f3n, p\u00f3ngase en contacto directamente con la recepci\u00f3n. Si pierde la llave o no se la devuelven, se le cobrar\u00e1 una tarifa de 20,00 euros por cada llave perdida. Esto tambi\u00e9n se aplica si la llave se deja en la habitaci\u00f3n.<\/td>\n<\/tr>\n<\/tbody>\n<\/table>\n<\/div><\/div><\/section>\n<\/div>","protected":false},"excerpt":{"rendered":"","protected":false},"author":1,"featured_media":0,"parent":769,"menu_order":2,"comment_status":"closed","ping_status":"closed","template":"","meta":{"footnotes":""},"class_list":["post-604","page","type-page","status-publish","hentry"],"_links":{"self":[{"href":"https:\/\/vital-hotel-frankfurt.info\/es\/wp-json\/wp\/v2\/pages\/604","targetHints":{"allow":["GET"]}}],"collection":[{"href":"https:\/\/vital-hotel-frankfurt.info\/es\/wp-json\/wp\/v2\/pages"}],"about":[{"href":"https:\/\/vital-hotel-frankfurt.info\/es\/wp-json\/wp\/v2\/types\/page"}],"author":[{"embeddable":true,"href":"https:\/\/vital-hotel-frankfurt.info\/es\/wp-json\/wp\/v2\/users\/1"}],"replies":[{"embeddable":true,"href":"https:\/\/vital-hotel-frankfurt.info\/es\/wp-json\/wp\/v2\/comments?post=604"}],"version-history":[{"count":44,"href":"https:\/\/vital-hotel-frankfurt.info\/es\/wp-json\/wp\/v2\/pages\/604\/revisions"}],"predecessor-version":[{"id":2039,"href":"https:\/\/vital-hotel-frankfurt.info\/es\/wp-json\/wp\/v2\/pages\/604\/revisions\/2039"}],"up":[{"embeddable":true,"href":"https:\/\/vital-hotel-frankfurt.info\/es\/wp-json\/wp\/v2\/pages\/769"}],"wp:attachment":[{"href":"https:\/\/vital-hotel-frankfurt.info\/es\/wp-json\/wp\/v2\/media?parent=604"}],"curies":[{"name":"wp","href":"https:\/\/api.w.org\/{rel}","templated":true}]}}