{"id":1753,"date":"2022-12-22T15:09:33","date_gmt":"2022-12-22T14:09:33","guid":{"rendered":"https:\/\/vital-hotel-frankfurt.info\/?page_id=1753"},"modified":"2025-03-11T15:18:44","modified_gmt":"2025-03-11T14:18:44","slug":"panoramabar-2","status":"publish","type":"page","link":"https:\/\/vital-hotel-frankfurt.info\/es\/gastronomie\/panoramabar-2\/","title":{"rendered":"Bar panor\u00e1mico"},"content":{"rendered":"<div  class='av-hotspot-image-container av-kas0fsuv-bbc60d6776505cf167fb121eb750a4d9  avia-builder-el-0  el_before_av_textblock  avia-builder-el-first  av-hotspot-numbered av-mobile-fallback-active  av-non-fullwidth-hotspot-image'  itemprop=\"image\" itemscope=\"itemscope\" itemtype=\"https:\/\/schema.org\/ImageObject\" ><div class='av-hotspot-container'><div class='av-hotspot-container-inner-cell'><div class='av-hotspot-container-inner-wrap'><img decoding=\"async\" fetchpriority=\"high\" class='wp-image-876 avia-img-lazy-loading-not-876 avia_image' src=\"https:\/\/vital-hotel-frankfurt.info\/wp-content\/uploads\/2020\/05\/vital-hotel-panorama-bar-skyline-frankfurt-1-1500x630.jpg\" alt='' title='Bar Panorama'  height=\"630\" width=\"1500\"  itemprop=\"thumbnailUrl\"  \/><\/div><\/div><\/div><\/div>\n<section  class='av_textblock_section av-kas0dbno-908e3622fe14257a0ce905196239bb6c'   itemscope=\"itemscope\" itemtype=\"https:\/\/schema.org\/CreativeWork\" ><div class='avia_textblock'  itemprop=\"text\" ><h5 style=\"text-align: center;\">Bar Panorama<\/h5>\n<p style=\"text-align: center;\">Esta vista es probablemente \u00fanica en Fr\u00e1ncfort y sus alrededores. Porque en nuestro bar panor\u00e1mico podr\u00e1 disfrutar de una fant\u00e1stica vista del famoso horizonte de Fr\u00e1ncfort. Una vista que nunca tendr\u00e1 en el propio centro de la ciudad.<\/p>\n<p style=\"text-align: center;\">Pero eso no es todo. Como el bar gira sobre su eje una vez cada hora, tambi\u00e9n puede disfrutar de la maravillosa vista del hermoso Taunus. Si lo desea, sin tener que levantarse ni una sola vez.<\/p>\n<p style=\"text-align: center;\">Abierto todos los d\u00edas a partir de las 17.00 horas.<\/p>\n<p style=\"text-align: center;\">La cocina est\u00e1 abierta de 18:00 a 21:45.<\/p>\n<p style=\"text-align: center;\">Recibir\u00e1 informaci\u00f3n sobre al\u00e9rgenos en el men\u00fa del bar o del personal del bar.<\/p>\n<\/div><\/section>\n<\/div><\/div><\/div><!-- close content main div --><\/div><\/div><div id='av_section_1'  class='avia-section av-13ivxl-725331cb8f87f15b4a4aa7957e5aa233 main_color avia-section-default avia-no-shadow  avia-builder-el-2  el_after_av_textblock  avia-builder-el-last  avia-bg-style-scroll container_wrap fullsize'  ><div class='container av-section-cont-open' ><div class='template-page content  av-content-full alpha units'><div class='post-entry post-entry-type-page post-entry-1753'><div class='entry-content-wrapper clearfix'>\n\n<style type=\"text\/css\" data-created_by=\"avia_inline_auto\" id=\"style-css-av-zi40w-021dda596648da07a346f8ca87f6f87f\">\n#top .av-special-heading.av-zi40w-021dda596648da07a346f8ca87f6f87f{\npadding-bottom:25px;\n}\nbody .av-special-heading.av-zi40w-021dda596648da07a346f8ca87f6f87f .av-special-heading-tag .heading-char{\nfont-size:25px;\n}\n.av-special-heading.av-zi40w-021dda596648da07a346f8ca87f6f87f .av-subheading{\nfont-size:15px;\n}\n<\/style>\n<div  class='av-special-heading av-zi40w-021dda596648da07a346f8ca87f6f87f av-special-heading-h2 blockquote modern-quote modern-centered  avia-builder-el-3  el_before_av_one_full  avia-builder-el-first  av-thin-font'><h2 class='av-special-heading-tag'  itemprop=\"headline\"  ><strong>PLATOS <span class='special_amp'>&amp;<\/span> SNACKS<\/strong><\/h2><div class=\"special-heading-border\"><div class=\"special-heading-inner-border\"><\/div><\/div><\/div>\n<div  class='flex_column av-rptm9-bbae2242853282514c267c5c1491df33 av_one_full  avia-builder-el-4  el_after_av_heading  el_before_av_heading  first flex_column_div'     ><\/div>\n<style type=\"text\/css\" data-created_by=\"avia_inline_auto\" id=\"style-css-av-6x1fuo-528a9fe386c3e3d5debbbad2248294d8\">\n#top .av-special-heading.av-6x1fuo-528a9fe386c3e3d5debbbad2248294d8{\npadding-bottom:25px;\n}\nbody .av-special-heading.av-6x1fuo-528a9fe386c3e3d5debbbad2248294d8 .av-special-heading-tag .heading-char{\nfont-size:25px;\n}\n.av-special-heading.av-6x1fuo-528a9fe386c3e3d5debbbad2248294d8 .av-subheading{\nfont-size:15px;\n}\n<\/style>\n<div  class='av-special-heading av-6x1fuo-528a9fe386c3e3d5debbbad2248294d8 av-special-heading-h2 blockquote modern-quote modern-centered  avia-builder-el-6  el_after_av_one_full  el_before_av_one_full  av-thin-font'><h2 class='av-special-heading-tag'  itemprop=\"headline\"  ><strong>COCTELES <span class='special_amp'>&amp;<\/span> BEBIDAS<\/strong><\/h2><div class=\"special-heading-border\"><div class=\"special-heading-inner-border\"><\/div><\/div><\/div>\n<div  class='flex_column av-rptm9-38-fc0a14724394268f6053f7acec5133cf av_one_full  avia-builder-el-7  el_after_av_heading  avia-builder-el-last  first flex_column_div'     ><\/div>","protected":false},"excerpt":{"rendered":"","protected":false},"author":1,"featured_media":0,"parent":411,"menu_order":0,"comment_status":"closed","ping_status":"closed","template":"","meta":{"footnotes":""},"class_list":["post-1753","page","type-page","status-publish","hentry"],"_links":{"self":[{"href":"https:\/\/vital-hotel-frankfurt.info\/es\/wp-json\/wp\/v2\/pages\/1753","targetHints":{"allow":["GET"]}}],"collection":[{"href":"https:\/\/vital-hotel-frankfurt.info\/es\/wp-json\/wp\/v2\/pages"}],"about":[{"href":"https:\/\/vital-hotel-frankfurt.info\/es\/wp-json\/wp\/v2\/types\/page"}],"author":[{"embeddable":true,"href":"https:\/\/vital-hotel-frankfurt.info\/es\/wp-json\/wp\/v2\/users\/1"}],"replies":[{"embeddable":true,"href":"https:\/\/vital-hotel-frankfurt.info\/es\/wp-json\/wp\/v2\/comments?post=1753"}],"version-history":[{"count":41,"href":"https:\/\/vital-hotel-frankfurt.info\/es\/wp-json\/wp\/v2\/pages\/1753\/revisions"}],"predecessor-version":[{"id":2005,"href":"https:\/\/vital-hotel-frankfurt.info\/es\/wp-json\/wp\/v2\/pages\/1753\/revisions\/2005"}],"up":[{"embeddable":true,"href":"https:\/\/vital-hotel-frankfurt.info\/es\/wp-json\/wp\/v2\/pages\/411"}],"wp:attachment":[{"href":"https:\/\/vital-hotel-frankfurt.info\/es\/wp-json\/wp\/v2\/media?parent=1753"}],"curies":[{"name":"wp","href":"https:\/\/api.w.org\/{rel}","templated":true}]}}