{"id":773,"date":"2020-05-28T20:28:26","date_gmt":"2020-05-28T20:28:26","guid":{"rendered":"https:\/\/vital-hotel-frankfurt.info\/?page_id=773"},"modified":"2021-07-08T14:05:39","modified_gmt":"2021-07-08T12:05:39","slug":"erlebnisbad","status":"publish","type":"page","link":"https:\/\/vital-hotel-frankfurt.info\/da\/wellness-fitness\/erlebnisbad\/","title":{"rendered":"Eventyrlig pool"},"content":{"rendered":"<div  class='av-hotspot-image-container av-kc6b74gm-df00b76a457e80fa1eabad54f6040b3b  avia-builder-el-0  el_before_av_textblock  avia-builder-el-first  av-hotspot-numbered av-mobile-fallback-active  av-non-fullwidth-hotspot-image'  itemprop=\"image\" itemscope=\"itemscope\" itemtype=\"https:\/\/schema.org\/ImageObject\" ><div class='av-hotspot-container'><div class='av-hotspot-container-inner-cell'><div class='av-hotspot-container-inner-wrap'><img decoding=\"async\" fetchpriority=\"high\" class='wp-image-1059 avia-img-lazy-loading-not-1059 avia_image' src=\"https:\/\/vital-hotel-frankfurt.info\/wp-content\/uploads\/2020\/07\/familien-special-ferien-1500x630.jpg\" alt='' title='Eventyrlig pool'  height=\"630\" width=\"1500\"  itemprop=\"thumbnailUrl\"  \/><\/div><\/div><\/div><\/div>\n<section  class='av_textblock_section av-kc6b9rtc-25a7c0b234f0d8aa8a19609adfe55223'   itemscope=\"itemscope\" itemtype=\"https:\/\/schema.org\/CreativeWork\" ><div class='avia_textblock'  itemprop=\"text\" ><h3 style=\"text-align: center;\">Eventyrlig pool<\/h3>\n<p style=\"text-align: left;\"><br class=\"avia-permanent-lb\" \/>Oplev Rhein-Main-Therme: hurtige rutsjebaner, vilde vandgyroskoper eller plaskende springvand.<\/p>\n<p style=\"text-align: left;\">Uanset om man er gammel eller ung, om man er i b\u00f8lgebassinet eller i den store udend\u00f8rs pool - vandrotter slapper bedst af med masser af sjov.<\/p>\n<p>Et lille udvalg af vores attraktioner:<\/p>\n<ul>\n<li>B\u00f8lgebassin<\/li>\n<li>2 gigantiske rutsjebaner<\/li>\n<li>Springvand<\/li>\n<li>Flow-gyroskop<\/li>\n<li>Vandfald<\/li>\n<li>Whirlpools<\/li>\n<li>25 meter sportsbassin med udspringsplatform<\/li>\n<li>Pool til sm\u00e5b\u00f8rn<\/li>\n<\/ul>\n<\/div><\/section>\n<div  class='hr av-kc6cjkdy-89f03d73657c14189ef4a203615629ea hr-default  avia-builder-el-2  el_after_av_textblock  el_before_av_one_full'><span class='hr-inner'><span class=\"hr-inner-style\"><\/span><\/span><\/div>\n\n<style type=\"text\/css\" data-created_by=\"avia_inline_auto\" id=\"style-css-av-75rx1-3bee7b0bba93e84b23a3755a26e74eb6\">\n.flex_column.av-75rx1-3bee7b0bba93e84b23a3755a26e74eb6{\nborder-radius:0px 0px 0px 0px;\npadding:0px 0px 0px 0px;\n}\n<\/style>\n<div  class='flex_column av-75rx1-3bee7b0bba93e84b23a3755a26e74eb6 av_one_full  avia-builder-el-3  el_after_av_hr  avia-builder-el-last  first flex_column_div av-zero-column-padding'     ><p><article  class='iconbox iconbox_left av-kc6bzm6e-f2ceedca5e95292258ddc004292775f7  avia-builder-el-4  el_before_av_icon_box  avia-builder-el-first'  itemscope=\"itemscope\" itemtype=\"https:\/\/schema.org\/CreativeWork\" ><div class=\"iconbox_content\"><header class=\"entry-content-header\" aria-label=\"Icon: \u00d6ffnungszeiten\"><div class='iconbox_icon heading-color avia-iconfont avia-font-entypo-fontello' data-av_icon='\ue862' data-av_iconfont='entypo-fontello'  ><\/div><h3 class='iconbox_content_title'  itemprop=\"headline\" >\u00c5bningstider<\/h3><\/header><div class='iconbox_content_container'  itemprop=\"text\" ><p>Dagligt<\/p>\n<p>08:00 til 21:45 <br class=\"avia-permanent-lb\" \/><br class=\"avia-permanent-lb\" \/><\/p>\n<p>Kan du lide at sv\u00f8mme et par omgange f\u00f8r morgenmaden? Vandverdenen i Rhein-Main-Therme er \u00e5ben specielt for vores hotelg\u00e6ster fra kl. 8.00 til 9.00. <br class=\"avia-permanent-lb\" \/><br class=\"avia-permanent-lb\" \/><\/p>\n<p>Sv\u00f8mning tidligt om morgenen<\/p>\n<p>Mandag til fredag (ikke p\u00e5 helligdage)<\/p>\n<p>fra kl. 06.30 i vores sportspool<\/p>\n<\/div><\/div><footer class=\"entry-footer\"><\/footer><\/article><br \/>\n<article  class='iconbox iconbox_left av-kc6bzm6e-4bd8861cdd4b417a89c24f140b8989f4  avia-builder-el-5  el_after_av_icon_box  el_before_av_icon_box'  itemscope=\"itemscope\" itemtype=\"https:\/\/schema.org\/CreativeWork\" ><div class=\"iconbox_content\"><header class=\"entry-content-header\" aria-label=\"Icon: Zugang\"><div class='iconbox_icon heading-color avia-iconfont avia-font-entypo-fontello' data-av_icon='\ue81e' data-av_iconfont='entypo-fontello'  ><\/div><h3 class='iconbox_content_title'  itemprop=\"headline\" >Adgang<\/h3><\/header><div class='iconbox_content_container'  itemprop=\"text\" ><p>Adgang sker direkte via drejespillet n\u00e6r elevatoren. Du skal bruge din v\u00e6relsesn\u00f8gle til dette.<\/p>\n<\/div><\/div><footer class=\"entry-footer\"><\/footer><\/article><br \/>\n<article  class='iconbox iconbox_left av-kc6bzm6e-7814f5fab34885f3144506b20ed85bb5  avia-builder-el-6  el_after_av_icon_box  el_before_av_icon_box'  itemscope=\"itemscope\" itemtype=\"https:\/\/schema.org\/CreativeWork\" ><div class=\"iconbox_content\"><header class=\"entry-content-header\" aria-label=\"Icon: Bademantel &amp; Handt\u00fccher\"><div class='iconbox_icon heading-color avia-iconfont avia-font-entypo-fontello' data-av_icon='\ue808' data-av_iconfont='entypo-fontello'  ><\/div><h3 class='iconbox_content_title'  itemprop=\"headline\" >Badek\u00e5be og h\u00e5ndkl\u00e6der<\/h3><\/header><div class='iconbox_content_container'  itemprop=\"text\" ><p>P\u00e5 dit v\u00e6relse finder du en f\u00e6rdigpakket badepose til brug i den termiske spa.<\/p>\n<\/div><\/div><footer class=\"entry-footer\"><\/footer><\/article><br \/>\n<article  class='iconbox iconbox_left av-kc6bzm6e-209698512e5ca9b5680d3c1e8f880b6d  avia-builder-el-7  el_after_av_icon_box  avia-builder-el-last'  itemscope=\"itemscope\" itemtype=\"https:\/\/schema.org\/CreativeWork\" ><div class=\"iconbox_content\"><header class=\"entry-content-header\" aria-label=\"Icon: Kinder &amp; Jugendliche\"><div class='iconbox_icon heading-color avia-iconfont avia-font-entypo-fontello' data-av_icon='\ue83e' data-av_iconfont='entypo-fontello'  ><\/div><h3 class='iconbox_content_title'  itemprop=\"headline\" >B\u00f8rn og teenagere<\/h3><\/header><div class='iconbox_content_container'  itemprop=\"text\" ><p>Personer under 10 \u00e5r m\u00e5 kun komme ind i f\u00f8lgeskab med en voksen.<\/p>\n<\/div><\/div><footer class=\"entry-footer\"><\/footer><\/article><\/p><\/div>","protected":false},"excerpt":{"rendered":"","protected":false},"author":1,"featured_media":0,"parent":771,"menu_order":1,"comment_status":"closed","ping_status":"closed","template":"","meta":{"footnotes":""},"class_list":["post-773","page","type-page","status-publish","hentry"],"_links":{"self":[{"href":"https:\/\/vital-hotel-frankfurt.info\/da\/wp-json\/wp\/v2\/pages\/773","targetHints":{"allow":["GET"]}}],"collection":[{"href":"https:\/\/vital-hotel-frankfurt.info\/da\/wp-json\/wp\/v2\/pages"}],"about":[{"href":"https:\/\/vital-hotel-frankfurt.info\/da\/wp-json\/wp\/v2\/types\/page"}],"author":[{"embeddable":true,"href":"https:\/\/vital-hotel-frankfurt.info\/da\/wp-json\/wp\/v2\/users\/1"}],"replies":[{"embeddable":true,"href":"https:\/\/vital-hotel-frankfurt.info\/da\/wp-json\/wp\/v2\/comments?post=773"}],"version-history":[{"count":21,"href":"https:\/\/vital-hotel-frankfurt.info\/da\/wp-json\/wp\/v2\/pages\/773\/revisions"}],"predecessor-version":[{"id":1501,"href":"https:\/\/vital-hotel-frankfurt.info\/da\/wp-json\/wp\/v2\/pages\/773\/revisions\/1501"}],"up":[{"embeddable":true,"href":"https:\/\/vital-hotel-frankfurt.info\/da\/wp-json\/wp\/v2\/pages\/771"}],"wp:attachment":[{"href":"https:\/\/vital-hotel-frankfurt.info\/da\/wp-json\/wp\/v2\/media?parent=773"}],"curies":[{"name":"wp","href":"https:\/\/api.w.org\/{rel}","templated":true}]}}