{"id":604,"date":"2020-05-06T05:11:08","date_gmt":"2020-05-06T05:11:08","guid":{"rendered":"https:\/\/rmt-webspace.de\/?page_id=604"},"modified":"2025-10-14T09:03:12","modified_gmt":"2025-10-14T07:03:12","slug":"informationen-a-bis-z","status":"publish","type":"page","link":"https:\/\/vital-hotel-frankfurt.info\/da\/das-wichtigste\/informationen-a-bis-z\/","title":{"rendered":"Information fra A til Z"},"content":{"rendered":"<div  class='av-hotspot-image-container av-karrd1lr-1d1c1191634debf221be06eb0832c44b  avia-builder-el-0  el_before_av_tab_container  avia-builder-el-first  av-hotspot-numbered avia_animated_image avia_animate_when_almost_visible pop-up  av-non-fullwidth-hotspot-image'  itemprop=\"image\" itemscope=\"itemscope\" itemtype=\"https:\/\/schema.org\/ImageObject\" ><div class='av-hotspot-container'><div class='av-hotspot-container-inner-cell'><div class='av-hotspot-container-inner-wrap'><img decoding=\"async\" fetchpriority=\"high\" class='wp-image-1005 avia-img-lazy-loading-not-1005 avia_image' src=\"https:\/\/vital-hotel-frankfurt.info\/wp-content\/uploads\/2020\/07\/info-wuerfel-1417x630.jpg\" alt='' title='Information fra A til Z'  height=\"630\" width=\"1417\"  itemprop=\"thumbnailUrl\"  \/><\/div><\/div><\/div><\/div>\n<div  class='tabcontainer av-k8prfrn0-969faabbfe51234be5e2fd318ecb395e top_tab  avia-builder-el-1  el_after_av_image_hotspot  avia-builder-el-no-sibling'>\n<section class='av_tab_section av_tab_section av-30ho-579118214e4f1627fd0738e028d3189f'  itemscope=\"itemscope\" itemtype=\"https:\/\/schema.org\/CreativeWork\" ><div id='tab-id-1-tab' class='tab active_tab' role='tab' aria-selected=\"true\" tabindex=\"0\" data-fake-id='#tab-id-1' aria-controls='tab-id-1-content'  itemprop=\"headline\" >A<\/div><div id='tab-id-1-content' class='tab_content active_tab_content' role='tabpanel' aria-labelledby='tab-id-1-tab' aria-hidden=\"false\"><div class='tab_inner_content invers-color'  itemprop=\"text\" ><h4>A<\/h4>\n<table>\n<tbody>\n<tr>\n<td width=\"416\">\n<h6>Afgang<\/h6>\n<p>P\u00e5 afrejsedagen beder vi dig om at forlade dit v\u00e6relse inden kl. 12.00. Afh\u00e6ngigt af tilg\u00e6ngelighed kan vi arrangere et senere afrejsetidspunkt. Prisen for dette er 50 \u20ac indtil kl. 15.00 eller 100 \u20ac indtil kl. 18.00.<\/td>\n<\/tr>\n<tr>\n<td width=\"416\">\n<h6>Allergikere<\/h6>\n<p>Informer os venligst om eventuelle allergier. Hvis du har en f\u00f8devareallergi, vil vores restaurant med gl\u00e6de forberede et alternativ til dig.<\/td>\n<\/tr>\n<tr>\n<td width=\"416\">\n<h6>Apotek<\/h6>\n<p>Dr. Haas Apotheke im Chinon-Center, Chinonplatz 6, 65719 Hofheim,<br \/>\nTelefon +49 6192 2060664 (ca. 2 km)<\/p>\n<p>Vores reception informerer dig gerne om \u00e5bningstider om aftenen og i weekenden.<\/td>\n<\/tr>\n<tr>\n<td width=\"416\">\n<h6>L\u00e6ge<\/h6>\n<p><span class=\"text3aa327604558737f\">Medicinsk plejecenter Dr. Oster<\/span>, Rheingaustra\u00dfe 56, 65719 Hofheim, telefon +49 6192 31148 (ca. 3 km)<\/p>\n<p>Dr. Michael Sch\u00e4fer, Hauptstra\u00dfe 64a, 65719 Hofheim,<br \/>\nTelefon +49 6192 9550390 (ca. 3 km)<\/p>\n<p>Har du brug for en speciall\u00e6ge? Vores personale i receptionen vil med gl\u00e6de hj\u00e6lpe dig.<\/td>\n<\/tr>\n<tr>\n<td width=\"416\">\n<h6>Udflugter<\/h6>\n<p>I lobbyen er der et display med forskellige brochurer om mulige udflugtsm\u00e5l.<\/p>\n<p>Er der ikke noget? S\u00e5 tal med os, vores receptionspersonale vil med gl\u00e6de r\u00e5dgive dig individuelt.<\/td>\n<\/tr>\n<tr>\n<td width=\"416\">\n<h6>Parkeringspladser til biler<\/h6>\n<p>Du er velkommen til at bruge vores parkeringsplads for \u20ac 7,00 pr. bil pr. nat.<\/td>\n<\/tr>\n<tr>\n<td width=\"416\">\n<h6>Biludlejning<\/h6>\n<p>BT Biludlejning &amp; Transport, Casteller Stra\u00dfe 97c,<br \/>\n65719 Hofheim am Taunus, telefon +49 6192 954799 (ca. 12 km)<\/td>\n<\/tr>\n<\/tbody>\n<\/table>\n<\/div><\/div><\/section>\n<section class='av_tab_section av_tab_section av-9nll0-7635a3c06741523de8d10c8a36d241b1'  itemscope=\"itemscope\" itemtype=\"https:\/\/schema.org\/CreativeWork\" ><div id='tab-id-2-tab' class='tab' role='tab' aria-selected=\"false\" tabindex=\"0\" data-fake-id='#tab-id-2' aria-controls='tab-id-2-content'  itemprop=\"headline\" >B<\/div><div id='tab-id-2-content' class='tab_content' role='tabpanel' aria-labelledby='tab-id-2-tab' aria-hidden=\"true\"><div class='tab_inner_content invers-color'  itemprop=\"text\" ><h4>B<\/h4>\n<table>\n<tbody>\n<tr>\n<td width=\"416\">\n<h6>Udstyr til badning<\/h6>\n<p>Du finder en badek\u00e5be og t\u00f8fler p\u00e5 dit v\u00e6relse. Vi beder dig om ikke at efterlade badek\u00e5be og badeh\u00e5ndkl\u00e6de i wellnessomr\u00e5det eller i Rhein-Main-Therme, men at tage dem med tilbage til dit v\u00e6relse, s\u00e5 du kan bytte dem.<\/td>\n<\/tr>\n<tr>\n<td width=\"416\">\n<h6>Banker<\/h6>\n<p>Taunus Sparkasse Hofheim, Am Untertor 6, 65719 Hofheim,<br \/>\nTelefon +49 800 51250000 (ca. 2 km)<\/p>\n<p>Commerzbank Hofheim, Kirschgartenstra\u00dfe 10-12, 65719 Hofheim, telefon +49 6192 96580 (ca. 2 km)<\/p>\n<p>Volksbank Hofheim, Hauptstra\u00dfe 75, 65719 Hofheim,<br \/>\nTelefon +49 6192 2080 (ca. 2 km)<\/td>\n<\/tr>\n<tr>\n<td width=\"416\">\n<h6>Bar<\/h6>\n<p>Kom med os p\u00e5 en rundtur gennem baren med udsigt til Taunus og Frankfurts skyline.<\/p>\n<p>Vores panoramabar er \u00e5ben dagligt s\u00f8ndag - torsdag fra 17:00 til 00:00 og fredage og l\u00f8rdage fra 17:00 til 01:00. Du kan n\u00e5 panoramabaren via en elevator mellem v\u00e6relserne 127\/128 og 227\/228.<\/td>\n<\/tr>\n<tr>\n<td width=\"416\"><\/td>\n<\/tr>\n<tr>\n<td width=\"416\">\n<h6>Blomster<\/h6>\n<p>Du kan nemt bestille dine blomster via f\u00f8lgende side:<\/p>\n<p><a href=\"https:\/\/www.fleurop.de\/partnerfloristen\/fleurop-filialen\/65719-hofheim\/hoffmann-heike-hauptstr-68\">https:\/\/www.fleurop.de\/partnerfloristen\/fleurop-filialen\/65719-hofheim\/hoffmann-heike-hauptstr-68<\/a><\/p>\n<p>Indtast venligst vores adresse som adresse. Som navn bedes du indtaste navnet p\u00e5 v\u00e6relset. Hvis du har et foretrukket tidspunkt, skal du sende en separat e-mail til Fleurop, ellers vil blomsterne ankomme mellem kl. 8 og 20. Hvis der er problemer, kan du ringe til hotline: +49 30 71371-202<\/td>\n<\/tr>\n<tr>\n<td width=\"416\">\n<h6>Brandbeskyttelse<\/h6>\n<p>Vores bygning er udstyret med topmoderne brandalarmteknologi. Flugtvejene er let tilg\u00e6ngelige og tydeligt markeret med de relevante symboler. I en n\u00f8dsituation skal du f\u00f8lge personalets anvisninger og aldrig bruge elevatorerne.<\/td>\n<\/tr>\n<tr>\n<td width=\"416\">\n<h6>Bus<\/h6>\n<p>Der er et busstoppested kun f\u00e5 meter fra hotellet. Det giver forbindelse til Hofheims centrum og Hofheims togstation.<\/p>\n<p>Navn p\u00e5 stoppestedet: Rhein-Main-Therme<\/td>\n<\/tr>\n<\/tbody>\n<\/table>\n<\/div><\/div><\/section>\n<section class='av_tab_section av_tab_section av-2ixv9g-31d53180f689935bf5bd992b58b88246'  itemscope=\"itemscope\" itemtype=\"https:\/\/schema.org\/CreativeWork\" ><div id='tab-id-3-tab' class='tab' role='tab' aria-selected=\"false\" tabindex=\"0\" data-fake-id='#tab-id-3' aria-controls='tab-id-3-content'  itemprop=\"headline\" >D<\/div><div id='tab-id-3-content' class='tab_content' role='tabpanel' aria-labelledby='tab-id-3-tab' aria-hidden=\"true\"><div class='tab_inner_content invers-color'  itemprop=\"text\" ><h4>D<\/h4>\n<table>\n<tbody>\n<tr>\n<td width=\"416\">\n<h6>P\u00e5kl\u00e6dning<\/h6>\n<p>Kom venligst til middag i vores restaurant \u201eAuszeit\u201c og i Panoramabar i fritidst\u00f8j. Badet\u00f8j, badek\u00e5ber og joggingbukser er ikke tilladt.<\/p>\n<p>Du er velkommen til at komme til morgenmad i joggingbukser, men badek\u00e5ber og badet\u00f8j er heller ikke tilladt her.<\/td>\n<\/tr>\n<\/tbody>\n<tbody>\n<tr>\n<td width=\"416\">\n<h6>Drugstore<\/h6>\n<p>Glemte medicin- og hygiejneartikler kan f\u00e5s i receptionen eller i Hofheims centrum, f.eks. i Chinon-Center.<\/td>\n<\/tr>\n<\/tbody>\n<\/table>\n<\/div><\/div><\/section>\n<section class='av_tab_section av_tab_section av-2gx3nw-5752ad8c9a8c1fb8750a2839d72d22bf'  itemscope=\"itemscope\" itemtype=\"https:\/\/schema.org\/CreativeWork\" ><div id='tab-id-4-tab' class='tab' role='tab' aria-selected=\"false\" tabindex=\"0\" data-fake-id='#tab-id-4' aria-controls='tab-id-4-content'  itemprop=\"headline\" >E<\/div><div id='tab-id-4-content' class='tab_content' role='tabpanel' aria-labelledby='tab-id-4-tab' aria-hidden=\"true\"><div class='tab_inner_content invers-color'  itemprop=\"text\" ><h4>E<\/h4>\n<table>\n<tbody>\n<tr>\n<td width=\"416\">\n<h6>Shopping<\/h6>\n<p>Chinon Centre ligger i umiddelbar n\u00e6rhed (Hofheim bymidte). Alternativt ligger Main-Taunus-Zentrum med mange indk\u00f8bsmuligheder 10 minutters k\u00f8rsel v\u00e6k. For yderligere information kontakt venligst receptionen.<\/td>\n<\/tr>\n<\/tbody>\n<\/table>\n<\/div><\/div><\/section>\n<section class='av_tab_section av_tab_section av-27mrec-adea62ebee415fd2d5437ad588e78e1c'  itemscope=\"itemscope\" itemtype=\"https:\/\/schema.org\/CreativeWork\" ><div id='tab-id-5-tab' class='tab' role='tab' aria-selected=\"false\" tabindex=\"0\" data-fake-id='#tab-id-5' aria-controls='tab-id-5-content'  itemprop=\"headline\" >F<\/div><div id='tab-id-5-content' class='tab_content' role='tabpanel' aria-labelledby='tab-id-5-tab' aria-hidden=\"true\"><div class='tab_inner_content invers-color'  itemprop=\"text\" ><h4>F<\/h4>\n<table>\n<tbody>\n<tr>\n<td width=\"416\">\n<h6>Feedback<\/h6>\n<p>Vi bestr\u00e6ber os hele tiden p\u00e5 at tilpasse dit ophold efter dine \u00f8nsker og overg\u00e5 dine forventninger. Hvis der er noget, du ikke er tilfreds med, bedes du kontakte receptionen direkte. Det er kun takket v\u00e6re dig, at vi er i stand til at reagere s\u00e5 hurtigt som muligt.<\/td>\n<\/tr>\n<tr>\n<td width=\"416\">\n<h6>Fitness<\/h6>\n<p>Fitnesscentret \u201eVitaSpa\u201c er gratis tilg\u00e6ngeligt hver dag fra kl. 8.00 til 21.00. Minimumsalderen er 18 \u00e5r.<\/td>\n<\/tr>\n<tr>\n<td width=\"416\">\n<h6>Lufthavn<\/h6>\n<p>Den n\u00e6rmeste lufthavn ligger i Frankfurt, ca. 13 km v\u00e6k. Telefon +49 180 63724636.<\/td>\n<\/tr>\n<tr>\n<td width=\"416\">\n<h6>Fris\u00f8r<\/h6>\n<p>Har du brug for en fris\u00f8r? Vores personale i receptionen vil med gl\u00e6de hj\u00e6lpe dig.<\/td>\n<\/tr>\n<tr>\n<td width=\"416\">\n<h6>Hittegods<\/h6>\n<p>Har du mistet noget? Kontakt venligst receptionen.<\/td>\n<\/tr>\n<\/tbody>\n<\/table>\n<\/div><\/div><\/section>\n<section class='av_tab_section av_tab_section av-248rf8-22a81e6ad16f6a14e6367a219874973d'  itemscope=\"itemscope\" itemtype=\"https:\/\/schema.org\/CreativeWork\" ><div id='tab-id-6-tab' class='tab' role='tab' aria-selected=\"false\" tabindex=\"0\" data-fake-id='#tab-id-6' aria-controls='tab-id-6-content'  itemprop=\"headline\" >G<\/div><div id='tab-id-6-content' class='tab_content' role='tabpanel' aria-labelledby='tab-id-6-tab' aria-hidden=\"true\"><div class='tab_inner_content invers-color'  itemprop=\"text\" ><h4>G<\/h4>\n<table>\n<tbody>\n<tr>\n<td width=\"416\">\n<h6>Bagage<\/h6>\n<p>Hvis du ikke \u00f8nsker at forlade dit v\u00e6relse umiddelbart efter udtjekning, kan du naturligvis efterlade din bagage hos os indtil da.<\/td>\n<\/tr>\n<tr>\n<td width=\"416\">\n<h6>Gave<\/h6>\n<p>Vil du gerne give et gavekort? Vi har vouchers til de forskellige omr\u00e5der p\u00e5 vores hotel. Receptionen vil med gl\u00e6de udstede et gavekort til dig og besvare eventuelle sp\u00f8rgsm\u00e5l.<\/td>\n<\/tr>\n<\/tbody>\n<\/table>\n<\/div><\/div><\/section>\n<section class='av_tab_section av_tab_section av-6nanw-4a53a3f56aa7131bcf13d65985006a9f'  itemscope=\"itemscope\" itemtype=\"https:\/\/schema.org\/CreativeWork\" ><div id='tab-id-7-tab' class='tab' role='tab' aria-selected=\"false\" tabindex=\"0\" data-fake-id='#tab-id-7' aria-controls='tab-id-7-content'  itemprop=\"headline\" >H<\/div><div id='tab-id-7-content' class='tab_content' role='tabpanel' aria-labelledby='tab-id-7-tab' aria-hidden=\"true\"><div class='tab_inner_content invers-color'  itemprop=\"text\" ><h4>H<\/h4>\n<table>\n<tbody>\n<tr>\n<td width=\"416\">\n<h6>Reng\u00f8ring<\/h6>\n<p>Vores reng\u00f8ringsteam kan kontaktes p\u00e5 -830 og vil med gl\u00e6de hj\u00e6lpe dig med \u00f8nsker som blomstervaser, ekstra puder eller ekstra b\u00f8jler.<\/td>\n<\/tr>\n<\/tbody>\n<\/table>\n<\/div><\/div><\/section>\n<section class='av_tab_section av_tab_section av-1oys1g-c934cf9415052cdf2efc8c673222351b'  itemscope=\"itemscope\" itemtype=\"https:\/\/schema.org\/CreativeWork\" ><div id='tab-id-8-tab' class='tab' role='tab' aria-selected=\"false\" tabindex=\"0\" data-fake-id='#tab-id-8' aria-controls='tab-id-8-content'  itemprop=\"headline\" >I<\/div><div id='tab-id-8-content' class='tab_content' role='tabpanel' aria-labelledby='tab-id-8-tab' aria-hidden=\"true\"><div class='tab_inner_content invers-color'  itemprop=\"text\" ><h4>I<\/h4>\n<table>\n<tbody>\n<tr>\n<td width=\"416\">\n<h6>Adgang til internettet<\/h6>\n<p>En gratis W-LAN-forbindelse er tilg\u00e6ngelig i hele bygningen. For at bruge det skal du ringe op til \u201eVitalHotel\u201c-netv\u00e6rket. Der kr\u00e6ves ingen adgangsdata.<\/td>\n<\/tr>\n<\/tbody>\n<\/table>\n<\/div><\/div><\/section>\n<section class='av_tab_section av_tab_section av-1iu1a4-f731bd600a4e00717c21639722946bf7'  itemscope=\"itemscope\" itemtype=\"https:\/\/schema.org\/CreativeWork\" ><div id='tab-id-9-tab' class='tab' role='tab' aria-selected=\"false\" tabindex=\"0\" data-fake-id='#tab-id-9' aria-controls='tab-id-9-content'  itemprop=\"headline\" >K<\/div><div id='tab-id-9-content' class='tab_content' role='tabpanel' aria-labelledby='tab-id-9-tab' aria-hidden=\"true\"><div class='tab_inner_content invers-color'  itemprop=\"text\" ><h4>K<\/h4>\n<table>\n<tbody>\n<tr>\n<td width=\"416\">\n<h6>Kaffe og kage<\/h6>\n<p>Vi serverer kaffe og kage hver dag fra 14.00 til 17.00 i vores lobbybar i stueetagen.<\/td>\n<\/tr>\n<tr>\n<td width=\"416\">\n<h6>Betaling med kort<\/h6>\n<p>Vi tager imod f\u00f8lgende kort p\u00e5 Vital Hotel: American Express, Mastercard, Visa og EC-kort.<\/td>\n<\/tr>\n<tr>\n<td width=\"416\">\n<h6>Biograf<\/h6>\n<p>Kinopolis Main-Taunus Centre Sulzbach, 65843 Sulzbach<br \/>\n(ca. 9 km). Det aktuelle biografprogram er tilg\u00e6ngeligt i receptionen.<\/td>\n<\/tr>\n<tr>\n<td width=\"416\">\n<h6>Pude<\/h6>\n<p>Har du brug for en ekstra pude? Der er en ekstra pude i garderoben. Eller du kan kontakte vores reng\u00f8ringsteam p\u00e5 -830.<\/td>\n<\/tr>\n<tr>\n<td width=\"416\">\n<h6>Hospital<\/h6>\n<p>Det n\u00e6rmeste hospital ligger i Hofheim \u201eKliniken des Main-Taunus-Kreises\u201c, Lindenstra\u00dfe 10, 65719 Hofheim,<br \/>\nTelefon +49 6192 983 (ca. 2 km).<\/td>\n<\/tr>\n<\/tbody>\n<\/table>\n<\/div><\/div><\/section>\n<section class='av_tab_section av_tab_section av-50hdo-77c0de0526a63eeb4b24364e125c7b9c'  itemscope=\"itemscope\" itemtype=\"https:\/\/schema.org\/CreativeWork\" ><div id='tab-id-10-tab' class='tab' role='tab' aria-selected=\"false\" tabindex=\"0\" data-fake-id='#tab-id-10' aria-controls='tab-id-10-content'  itemprop=\"headline\" >M<\/div><div id='tab-id-10-content' class='tab_content' role='tabpanel' aria-labelledby='tab-id-10-tab' aria-hidden=\"true\"><div class='tab_inner_content invers-color'  itemprop=\"text\" ><h4>M<\/h4>\n<table>\n<tbody>\n<tr>\n<td width=\"416\">\n<h6>Maxibar<\/h6>\n<p>Du kan k\u00f8be sm\u00e5 snacks, drikkevarer og apotekervarer 24 timer i d\u00f8gnet i vores Maxibars p\u00e5 1. og 2. etage skr\u00e5t over for elevatoren til Panorama Bar.<\/td>\n<\/tr>\n<\/tbody>\n<\/table>\n<\/div><\/div><\/section>\n<section class='av_tab_section av_tab_section av-1aeh1g-075f52f6740afe251f97289b88136f4a'  itemscope=\"itemscope\" itemtype=\"https:\/\/schema.org\/CreativeWork\" ><div id='tab-id-11-tab' class='tab' role='tab' aria-selected=\"false\" tabindex=\"0\" data-fake-id='#tab-id-11' aria-controls='tab-id-11-content'  itemprop=\"headline\" >N<\/div><div id='tab-id-11-content' class='tab_content' role='tabpanel' aria-labelledby='tab-id-11-tab' aria-hidden=\"true\"><div class='tab_inner_content invers-color'  itemprop=\"text\" ><h4>N<\/h4>\n<table>\n<tbody>\n<tr>\n<td width=\"416\">\n<h6>Sy-service<\/h6>\n<p>Vi er glade for at kunne tilbyde dig en gratis syservice (ingen \u00e6ndringer).<\/p>\n<p>Kontakt venligst vores husholdningsteam p\u00e5 telefon: -830.<\/td>\n<\/tr>\n<tr>\n<td width=\"416\">\n<h6>N\u00f8dopkald<\/h6>\n<p>Kontakt venligst vores reception p\u00e5 -800 eller direkte p\u00e5 0112.<\/td>\n<\/tr>\n<\/tbody>\n<\/table>\n<\/div><\/div><\/section>\n<section class='av_tab_section av_tab_section av-132sr8-5264a4a86fe7dfb5b21e0d6e86dd6b62'  itemscope=\"itemscope\" itemtype=\"https:\/\/schema.org\/CreativeWork\" ><div id='tab-id-12-tab' class='tab' role='tab' aria-selected=\"false\" tabindex=\"0\" data-fake-id='#tab-id-12' aria-controls='tab-id-12-content'  itemprop=\"headline\" >P<\/div><div id='tab-id-12-content' class='tab_content' role='tabpanel' aria-labelledby='tab-id-12-tab' aria-hidden=\"true\"><div class='tab_inner_content invers-color'  itemprop=\"text\" ><h4>P<\/h4>\n<table>\n<tbody>\n<tr>\n<td width=\"416\">\n<h6>Parkeringsplads<\/h6>\n<p>Parkeringspladsen koster \u20ac7,00\/nat for hotellets g\u00e6ster.<br \/>\nDu er velkommen til at bruge pladsen lige foran hotellets indgang til at l\u00e6sse din bagage af i kort tid, men vi beder dig om at flytte din bil bagefter, da dette er vores adgangsvej for brandv\u00e6senet.<br \/>\nDer opkr\u00e6ves et ekstra gebyr p\u00e5 \u20ac 15,00, hvis parkeringsbilletten bortkommer.<br \/>\nUnder dit ophold kan du forlade parkeringspladsen med din v\u00e6relsesn\u00f8gle.<\/td>\n<\/tr>\n<tr>\n<td width=\"416\">\n<h6>Politiet<\/h6>\n<p>Politistation, Zeilsheimer Stra\u00dfe 59, 65719 Hofheim,<br \/>\nTelefon +49 6192 2079140 (ca. 1 km)<\/td>\n<\/tr>\n<tr>\n<td width=\"416\">\n<h6>Indl\u00e6g<\/h6>\n<p>Du er selvf\u00f8lgelig velkommen til at aflevere din post i receptionen. Posten bliver hentet en gang om dagen.<\/td>\n<\/tr>\n<\/tbody>\n<\/table>\n<\/div><\/div><\/section>\n<section class='av_tab_section av_tab_section av-elspg-c954de9f93e7587d6a23c809a194510d'  itemscope=\"itemscope\" itemtype=\"https:\/\/schema.org\/CreativeWork\" ><div id='tab-id-13-tab' class='tab' role='tab' aria-selected=\"false\" tabindex=\"0\" data-fake-id='#tab-id-13' aria-controls='tab-id-13-content'  itemprop=\"headline\" >R<\/div><div id='tab-id-13-content' class='tab_content' role='tabpanel' aria-labelledby='tab-id-13-tab' aria-hidden=\"true\"><div class='tab_inner_content invers-color'  itemprop=\"text\" ><h4>R<\/h4>\n<table>\n<tbody>\n<tr>\n<td width=\"430\">\n<h6>Rygning<\/h6>\n<p>Alle vores hotelv\u00e6relser er ikke-ryger-v\u00e6relser. Vi beder dig derfor venligst om at ryge p\u00e5 balkonen i Panorama Bar eller p\u00e5 dit v\u00e6relse. Tak for din forst\u00e5else. Vi forbeholder os ret til at opkr\u00e6ve et gebyr p\u00e5 \u20ac 150,00 for manglende overholdelse.<\/td>\n<\/tr>\n<tr>\n<td width=\"430\">\n<h6>Modtagelse<\/h6>\n<p>Vores reception er bemandet 24 timer i d\u00f8gnet. Du kan ringe til vores personale p\u00e5 -800.<\/td>\n<\/tr>\n<tr>\n<td width=\"430\">\n<h6>Rhin-Main-Therme<\/h6>\n<p>Rhein-Main-Therme st\u00e5r gratis til r\u00e5dighed for dig under dit ophold. Hvis du gerne vil bruge de termiske bade efter kl. 12.00 p\u00e5 afrejsedagen, kan vi tilbyde dig adgang til en reduceret pris. Kontakt venligst receptionen.<\/td>\n<\/tr>\n<\/tbody>\n<\/table>\n<\/div><\/div><\/section>\n<section class='av_tab_section av_tab_section av-azf18-2e6f621dde7de0af56eb382ac91a36d7'  itemscope=\"itemscope\" itemtype=\"https:\/\/schema.org\/CreativeWork\" ><div id='tab-id-14-tab' class='tab' role='tab' aria-selected=\"false\" tabindex=\"0\" data-fake-id='#tab-id-14' aria-controls='tab-id-14-content'  itemprop=\"headline\" >S<\/div><div id='tab-id-14-content' class='tab_content' role='tabpanel' aria-labelledby='tab-id-14-tab' aria-hidden=\"true\"><div class='tab_inner_content invers-color'  itemprop=\"text\" ><h4>S<\/h4>\n<table>\n<tbody>\n<tr>\n<td width=\"430\">\n<h6>Sikker<\/h6>\n<p>Dit pengeskab er placeret i dit kl\u00e6deskab. Har du sp\u00f8rgsm\u00e5l til servicen? Vores personale vil med gl\u00e6de hj\u00e6lpe dig. Vi vil gerne g\u00f8re opm\u00e6rksom p\u00e5, at v\u00e6rdigenstande i v\u00e6relsesboksen kun er forsikret i begr\u00e6nset omfang. L\u00e6g venligst dine kontanter og alle andre v\u00e6rdigenstande i v\u00e6relsets pengeskab. Bem\u00e6rk venligst de ansvarsbegr\u00e6nsninger, der er angivet i v\u00e6relsesboksen.<\/td>\n<\/tr>\n<tr>\n<td width=\"430\">\n<h6>Sauna<\/h6>\n<p>Saunaomr\u00e5det i Rhein-Main-Therme st\u00e5r gratis til r\u00e5dighed for dig under hele dit ophold. Dette omr\u00e5de er et tekstilfrit omr\u00e5de.<\/p>\n<p>B\u00f8rn under 16 \u00e5r m\u00e5 kun komme ind i saunaomr\u00e5det i f\u00f8lge med en voksen.<\/td>\n<\/tr>\n<tr>\n<td width=\"430\">\n<h6>Swimmingpool<\/h6>\n<p>Kan du lide at sv\u00f8mme et par omgange f\u00f8r morgenmaden? Vandverdenen i Rhein-Main-Therme er \u00e5ben specielt for vores hotelg\u00e6ster fra kl. 8.00 til 9.00.<\/p>\n<p>Tidlig morgensv\u00f8mning hver dag fra mandag til fredag fra kl. 06.30 (sportsbassin)<\/td>\n<\/tr>\n<\/tbody>\n<\/table>\n<\/div><\/div><\/section>\n<section class='av_tab_section av_tab_section av-ivrx0-1e951122fa17778311e14d04288978f5'  itemscope=\"itemscope\" itemtype=\"https:\/\/schema.org\/CreativeWork\" ><div id='tab-id-15-tab' class='tab' role='tab' aria-selected=\"false\" tabindex=\"0\" data-fake-id='#tab-id-15' aria-controls='tab-id-15-content'  itemprop=\"headline\" >T<\/div><div id='tab-id-15-content' class='tab_content' role='tabpanel' aria-labelledby='tab-id-15-tab' aria-hidden=\"true\"><div class='tab_inner_content invers-color'  itemprop=\"text\" ><h4>T<\/h4>\n<table>\n<tbody>\n<tr>\n<td width=\"416\">\n<h6>Tankstation<\/h6>\n<p>Totalstation Hofheim, Zeilsheimer Stra\u00dfe 37, 65719 Hofheim, telefon +49 6192 6776 (ca. 2 km)<\/p>\n<p>Esso Hofheim, Elisabethenstra\u00dfe 2, 65719 Hofheim,<br \/>\nTelefon +49 6192 21088 (ca. 2 km)<\/td>\n<\/tr>\n<tr>\n<td width=\"416\">\n<h6>Dykning<\/h6>\n<p>Dykkerskolen Enterprises, Niederhofheimer Stra\u00dfe 67,<br \/>\n65719 Hofheim, telefon +49 6192 979345<\/td>\n<\/tr>\n<tr>\n<td width=\"416\">\n<h6>Taxa<\/h6>\n<p>Kontakt venligst receptionen. Vores lokale taxaselskab vil v\u00e6re p\u00e5 stedet inden for f\u00e5 minutter efter bestillingen.<\/td>\n<\/tr>\n<tr>\n<td width=\"416\">\n<h6>Telefon<\/h6>\n<p>Fra dit v\u00e6relse kan du v\u00e6lge en ekstern linje direkte via 0 og foretage langdistanceopkald. Vil du gerne have fat i et andet v\u00e6relse? S\u00e5 ring 8 plus v\u00e6relsesnummeret.<\/td>\n<\/tr>\n<\/tbody>\n<\/table>\n<\/div><\/div><\/section>\n<section class='av_tab_section av_tab_section av-gmuc4-52795fb47465ee82ecffaf5dc40b6a42'  itemscope=\"itemscope\" itemtype=\"https:\/\/schema.org\/CreativeWork\" ><div id='tab-id-16-tab' class='tab' role='tab' aria-selected=\"false\" tabindex=\"0\" data-fake-id='#tab-id-16' aria-controls='tab-id-16-content'  itemprop=\"headline\" >W<\/div><div id='tab-id-16-content' class='tab_content' role='tabpanel' aria-labelledby='tab-id-16-tab' aria-hidden=\"true\"><div class='tab_inner_content invers-color'  itemprop=\"text\" ><h4>W<\/h4>\n<table>\n<tbody>\n<tr>\n<td width=\"416\">\n<h6>T\u00f8jvaskeservice<\/h6>\n<p>Du er velkommen til at f\u00e5 vasket dit t\u00f8j hos os. Vasket\u00f8jet returneres samme dag, hvis det indleveres (inden kl. 9.00). Vi kan ikke tilbyde vasket\u00f8jsservice p\u00e5 l\u00f8rdage, s\u00f8ndage og helligdage. Udfyld venligst vaskesedlen, og l\u00e6g dit vasket\u00f8j i vasket\u00f8jsposen. Du finder begge dele i din garderobe. Kontakt venligst housekeeping eller receptionen for afhentning.<\/td>\n<\/tr>\n<tr>\n<td width=\"416\">\n<h6>V\u00e6kningsopkald<\/h6>\n<p>Har du brug for at blive v\u00e6kket? Kontakt venligst receptionen.<\/td>\n<\/tr>\n<\/tbody>\n<\/table>\n<\/div><\/div><\/section>\n<section class='av_tab_section av_tab_section av-8pfn8-ca50980ac2e64a2bfceeece6a6068b7e'  itemscope=\"itemscope\" itemtype=\"https:\/\/schema.org\/CreativeWork\" ><div id='tab-id-17-tab' class='tab' role='tab' aria-selected=\"false\" tabindex=\"0\" data-fake-id='#tab-id-17' aria-controls='tab-id-17-content'  itemprop=\"headline\" >Z<\/div><div id='tab-id-17-content' class='tab_content' role='tabpanel' aria-labelledby='tab-id-17-tab' aria-hidden=\"true\"><div class='tab_inner_content invers-color'  itemprop=\"text\" ><h4>Z<\/h4>\n<table>\n<tbody>\n<tr>\n<td width=\"416\">\n<h6>Tandl\u00e6ge<\/h6>\n<p>Tandl\u00e6gepraksis Dr. Buch &amp; Dr. Blum, Bahnstr. 18a, 65779 Kelkheim, Tlf.: +49 6195 2442<\/td>\n<\/tr>\n<tr>\n<td width=\"416\">\n<h6>V\u00e6relsesn\u00f8gle<\/h6>\n<p>N\u00f8glen g\u00e6lder b\u00e5de for v\u00e6relset og spaen. I den termiske spa kan du bestille mad og drikke p\u00e5 v\u00e6relsesn\u00f8glen.<br \/>\nHvis du mister din v\u00e6relsesn\u00f8gle, bedes du kontakte receptionen direkte. Der vil blive opkr\u00e6vet et gebyr p\u00e5 20,00 \u20ac pr. mistet n\u00f8gle, hvis n\u00f8glen mistes eller ikke returneres. Dette g\u00e6lder ogs\u00e5, hvis n\u00f8glen efterlades p\u00e5 v\u00e6relset.<\/td>\n<\/tr>\n<\/tbody>\n<\/table>\n<\/div><\/div><\/section>\n<\/div>","protected":false},"excerpt":{"rendered":"","protected":false},"author":1,"featured_media":0,"parent":769,"menu_order":2,"comment_status":"closed","ping_status":"closed","template":"","meta":{"footnotes":""},"class_list":["post-604","page","type-page","status-publish","hentry"],"_links":{"self":[{"href":"https:\/\/vital-hotel-frankfurt.info\/da\/wp-json\/wp\/v2\/pages\/604","targetHints":{"allow":["GET"]}}],"collection":[{"href":"https:\/\/vital-hotel-frankfurt.info\/da\/wp-json\/wp\/v2\/pages"}],"about":[{"href":"https:\/\/vital-hotel-frankfurt.info\/da\/wp-json\/wp\/v2\/types\/page"}],"author":[{"embeddable":true,"href":"https:\/\/vital-hotel-frankfurt.info\/da\/wp-json\/wp\/v2\/users\/1"}],"replies":[{"embeddable":true,"href":"https:\/\/vital-hotel-frankfurt.info\/da\/wp-json\/wp\/v2\/comments?post=604"}],"version-history":[{"count":44,"href":"https:\/\/vital-hotel-frankfurt.info\/da\/wp-json\/wp\/v2\/pages\/604\/revisions"}],"predecessor-version":[{"id":2039,"href":"https:\/\/vital-hotel-frankfurt.info\/da\/wp-json\/wp\/v2\/pages\/604\/revisions\/2039"}],"up":[{"embeddable":true,"href":"https:\/\/vital-hotel-frankfurt.info\/da\/wp-json\/wp\/v2\/pages\/769"}],"wp:attachment":[{"href":"https:\/\/vital-hotel-frankfurt.info\/da\/wp-json\/wp\/v2\/media?parent=604"}],"curies":[{"name":"wp","href":"https:\/\/api.w.org\/{rel}","templated":true}]}}