{"id":525,"date":"2014-07-09T15:49:00","date_gmt":"2014-07-09T15:49:00","guid":{"rendered":"http:\/\/192.168.1.104\/restaurant\/?page_id=9"},"modified":"2022-04-26T15:29:35","modified_gmt":"2022-04-26T13:29:35","slug":"willkommen","status":"publish","type":"page","link":"https:\/\/vital-hotel-frankfurt.info\/da\/","title":{"rendered":"Willkommen"},"content":{"rendered":"<div id='full_slider_1'  class='avia-fullwidth-slider main_color avia-shadow   avia-builder-el-0  el_before_av_textblock  avia-builder-el-first   container_wrap fullsize'  ><div  class='avia-slideshow av-kc61n1jx-29dc9c34b0c372084046cb91a92be7cd avia-slideshow-featured_large av_slideshow_full avia-fade-slider av-slideshow-ui av-control-hidden av-no-slider-navigation av-hide-nav-arrows av-slideshow-autoplay av-loop-endless av-loop-manual-endless av-default-height-applied   avia-slideshow-1' data-slideshow-options=\"{&quot;animation&quot;:&quot;fade&quot;,&quot;autoplay&quot;:true,&quot;loop_autoplay&quot;:&quot;endless&quot;,&quot;interval&quot;:5,&quot;loop_manual&quot;:&quot;manual-endless&quot;,&quot;autoplay_stopper&quot;:false,&quot;noNavigation&quot;:true,&quot;bg_slider&quot;:false,&quot;keep_padding&quot;:false,&quot;hoverpause&quot;:false,&quot;show_slide_delay&quot;:0}\"  itemprop=\"image\" itemscope=\"itemscope\" itemtype=\"https:\/\/schema.org\/ImageObject\" ><ul class='avia-slideshow-inner' style='padding-bottom: 42%;'><li  class='avia-slideshow-slide av-kc61n1jx-29dc9c34b0c372084046cb91a92be7cd__0  slide-1 slide-odd'><div data-rel='slideshow-1' class='avia-slide-wrap'   ><img decoding=\"async\" fetchpriority=\"high\" class=\"wp-image-620 avia-img-lazy-loading-not-620\"  src=\"https:\/\/vital-hotel-frankfurt.info\/wp-content\/uploads\/2020\/05\/vital-hotel-wellness-e1593953408739-1500x630.jpg\" width=\"1500\" height=\"630\" title='vital-hotel-wellness' alt=''  itemprop=\"thumbnailUrl\"   \/><\/div><\/li><li  class='avia-slideshow-slide av-kc61n1jx-29dc9c34b0c372084046cb91a92be7cd__1  slide-2 slide-even'><div data-rel='slideshow-1' class='avia-slide-wrap'   ><img decoding=\"async\" fetchpriority=\"high\" class=\"wp-image-857 avia-img-lazy-loading-not-857\"  src=\"https:\/\/vital-hotel-frankfurt.info\/wp-content\/uploads\/2020\/05\/kulinarische-angebote-vital-hotel-1500x630.jpg\" width=\"1500\" height=\"630\" title='Restaurant Auszeit' alt=''  itemprop=\"thumbnailUrl\"   \/><\/div><\/li><li  class='avia-slideshow-slide av-kc61n1jx-29dc9c34b0c372084046cb91a92be7cd__2  slide-3 slide-odd'><div data-rel='slideshow-1' class='avia-slide-wrap'   ><img decoding=\"async\" fetchpriority=\"high\" class=\"wp-image-1124 avia-img-lazy-loading-not-1124\"  src=\"https:\/\/vital-hotel-frankfurt.info\/wp-content\/uploads\/2020\/07\/erholung-sommerurlaub-mit-kindern-1500x630.jpg\" width=\"1500\" height=\"630\" title='rekreation-sommerferie-med-b\u00f8rn' alt=''  itemprop=\"thumbnailUrl\"   \/><\/div><\/li><li  class='avia-slideshow-slide av-kc61n1jx-29dc9c34b0c372084046cb91a92be7cd__3  slide-4 slide-even'><div data-rel='slideshow-1' class='avia-slide-wrap'   ><img decoding=\"async\" fetchpriority=\"high\" class=\"wp-image-376 avia-img-lazy-loading-not-376\"  src=\"https:\/\/vital-hotel-frankfurt.info\/wp-content\/uploads\/2020\/04\/rezeption-1500x630.jpg\" width=\"1500\" height=\"630\" title='Modtagelse' alt=''  itemprop=\"thumbnailUrl\"   \/><\/div><\/li><li  class='avia-slideshow-slide av-kc61n1jx-29dc9c34b0c372084046cb91a92be7cd__4  slide-5 slide-odd'><div data-rel='slideshow-1' class='avia-slide-wrap'   ><img decoding=\"async\" fetchpriority=\"high\" class=\"wp-image-1126 avia-img-lazy-loading-not-1126\"  src=\"https:\/\/vital-hotel-frankfurt.info\/wp-content\/uploads\/2020\/07\/erholung-im-wasser-rhein-main-therme-1500x630.jpg\" width=\"1500\" height=\"630\" title='rekreation-i-vandet-rhine-main-therme' alt=''  itemprop=\"thumbnailUrl\"   \/><\/div><\/li><\/ul><div class='avia-slideshow-arrows avia-slideshow-controls' ><a href='#prev' class='prev-slide  avia-svg-icon avia-font-svg_entypo-fontello' data-av_svg_icon='left-open-big' data-av_iconset='svg_entypo-fontello' tabindex='-1' title=\"Forrige\"><svg version=\"1.1\" xmlns=\"http:\/\/www.w3.org\/2000\/svg\" width=\"15\" height=\"32\" viewbox=\"0 0 15 32\" preserveaspectratio=\"xMidYMid meet\" aria-labelledby='av-svg-title-1' aria-describedby='av-svg-desc-1' role=\"graphics-symbol\" aria-hidden=\"true\">\n<title id='av-svg-title-1'>Forrige<\/title>\n<desc id='av-svg-desc-1'>Forrige<\/desc>\n<path d=\"M14.464 27.84q0.832 0.832 0 1.536-0.832 0.832-1.536 0l-12.544-12.608q-0.768-0.768 0-1.6l12.544-12.608q0.704-0.832 1.536 0 0.832 0.704 0 1.536l-11.456 11.904z\"><\/path>\n<\/svg><span class='avia_hidden_link_text'>Forrige<\/span><\/a><a href='#next' class='next-slide  avia-svg-icon avia-font-svg_entypo-fontello' data-av_svg_icon='right-open-big' data-av_iconset='svg_entypo-fontello' tabindex='-1' title=\"N&#230;ste\"><svg version=\"1.1\" xmlns=\"http:\/\/www.w3.org\/2000\/svg\" width=\"15\" height=\"32\" viewbox=\"0 0 15 32\" preserveaspectratio=\"xMidYMid meet\" aria-labelledby='av-svg-title-2' aria-describedby='av-svg-desc-2' role=\"graphics-symbol\" aria-hidden=\"true\">\n<title id='av-svg-title-2'>N&#230;ste<\/title>\n<desc id='av-svg-desc-2'>N&#230;ste<\/desc>\n<path d=\"M0.416 27.84l11.456-11.84-11.456-11.904q-0.832-0.832 0-1.536 0.832-0.832 1.536 0l12.544 12.608q0.768 0.832 0 1.6l-12.544 12.608q-0.704 0.832-1.536 0-0.832-0.704 0-1.536z\"><\/path>\n<\/svg><span class='avia_hidden_link_text'>N&#230;ste<\/span><\/a><\/div><\/div><\/div><div id='after_full_slider_1'  class='main_color av_default_container_wrap container_wrap fullsize'  ><div class='container av-section-cont-open' ><div class='template-page content  av-content-full alpha units'><div class='post-entry post-entry-type-page post-entry-525'><div class='entry-content-wrapper clearfix'>\n<section  class='av_textblock_section av-kar65mvk-d37cfdef1e07da5546c5a7a7438229f5'   itemscope=\"itemscope\" itemtype=\"https:\/\/schema.org\/CreativeWork\" ><div class='avia_textblock'  itemprop=\"text\" ><h3 style=\"text-align: center;\">En varm velkomst <br class=\"avia-permanent-lb\" \/><br class=\"avia-permanent-lb\" \/><\/h3>\n<p style=\"text-align: center;\">Velkommen til Vital-Hotel Frankfurt. Nyd dit ophold p\u00e5 vores hotel og slap af i det tilst\u00f8dende Rhein-Main-Therme.<\/p>\n<p style=\"text-align: center;\">Vores st\u00f8rste bekymring er, at du f\u00f8ler dig helt tryg fra det \u00f8jeblik, du ankommer. T\u00f8v ikke med at kontakte os, hvis der er noget, vi kan g\u00f8re for dig.<\/p>\n<p style=\"text-align: center;\">P\u00e5 de f\u00f8lgende sider har vi samlet alle mulige nyttige oplysninger om dit ophold p\u00e5 vores hotel: fra m\u00e5ltider og wellness-tider til WLAN-adgang.<\/p>\n<p style=\"text-align: center;\">Vi \u00f8nsker dig masser af sjov og en afslappende tid hos os!<\/p>\n<h6 style=\"text-align: center;\">Dit team fra Vital-Hotel Frankfurt<\/h6>\n<\/div><\/section>\n<div id='av-masonry-1' class='av-masonry av-kar5dpah-2b22e0daf42644a99f3a765b5e485599 noHover av-fixed-size av-no-gap av-hover-overlay-active av-masonry-animation-active av-masonry-col-flexible av-caption-on-hover av-caption-style-overlay av-masonry-gallery av-medium-columns-overwrite av-medium-columns-2 av-small-columns-overwrite av-small-columns-2 av-mini-columns-overwrite av-mini-columns-2' data-post_id=\"525\"><div class=\"av-masonry-container isotope av-js-disabled\"><div class='av-masonry-entry isotope-item av-masonry-item-no-image'><\/div><a href=\"https:\/\/vital-hotel-frankfurt.info\/da\/das-wichtigste\/\"  aria-label=\"image Informationen A bis Z\"  id='av-masonry-1-item-980' data-av-masonry-item='980' class='av-masonry-entry isotope-item post-980 attachment type-attachment status-inherit hentry  av-masonry-item-with-image' title=\"Information fra A til Z\" alt=\"\"  data-av-masonry-custom-link=\"https:\/\/vital-hotel-frankfurt.info\/das-wichtigste\/\"  itemprop=\"thumbnailUrl\" ><div class='av-inner-masonry-sizer'><\/div><figure class='av-inner-masonry main_color'><div class=\"av-masonry-outerimage-container\"><div class='av-masonry-image-container' style=\"background-image: url(https:\/\/vital-hotel-frankfurt.info\/wp-content\/uploads\/2020\/07\/Info-705x583.jpg);\"  title=\"Information fra A til Z\" ><\/div><\/div><figcaption class='av-inner-masonry-content site-background'><div class='av-inner-masonry-content-pos'><div class='av-inner-masonry-content-pos-content'><div class='avia-arrow'><\/div><h3 class='av-masonry-entry-title entry-title'  itemprop=\"headline\" >Information fra A til Z<\/h3><\/div><\/div><\/figcaption><\/figure><\/a><!--end av-masonry entry--><a href=\"https:\/\/vital-hotel-frankfurt.info\/da\/gastronomie\/roomservice-3\/\"  aria-label=\"image Roomservice\"  id='av-masonry-1-item-944' data-av-masonry-item='944' class='av-masonry-entry isotope-item post-944 attachment type-attachment status-inherit hentry  av-masonry-item-with-image' title=\"Roomservice\" alt=\"\"  data-av-masonry-custom-link=\"https:\/\/vital-hotel-frankfurt.info\/gastronomie\/roomservice-3\"  itemprop=\"thumbnailUrl\" ><div class='av-inner-masonry-sizer'><\/div><figure class='av-inner-masonry main_color'><div class=\"av-masonry-outerimage-container\"><div class='av-masonry-image-container' style=\"background-image: url(https:\/\/vital-hotel-frankfurt.info\/wp-content\/uploads\/2020\/05\/iStock-474639724-705x470.jpg);\"  title=\"Roomservice\" ><\/div><\/div><figcaption class='av-inner-masonry-content site-background'><div class='av-inner-masonry-content-pos'><div class='av-inner-masonry-content-pos-content'><div class='avia-arrow'><\/div><h3 class='av-masonry-entry-title entry-title'  itemprop=\"headline\" >Roomservice<\/h3><\/div><\/div><\/figcaption><\/figure><\/a><!--end av-masonry entry--><a href=\"https:\/\/vital-hotel-frankfurt.info\/da\/gastronomie\/restaurant-auszeit\/\"  aria-label=\"image Restaurant Auszeit\"  id='av-masonry-1-item-857' data-av-masonry-item='857' class='av-masonry-entry isotope-item post-857 attachment type-attachment status-inherit hentry  av-masonry-item-with-image' title=\"Restaurant Auszeit\" alt=\"\"  data-av-masonry-custom-link=\"https:\/\/vital-hotel-frankfurt.info\/gastronomie\/restaurant-auszeit\/\"  itemprop=\"thumbnailUrl\" ><div class='av-inner-masonry-sizer'><\/div><figure class='av-inner-masonry main_color'><div class=\"av-masonry-outerimage-container\"><div class='av-masonry-image-container' style=\"background-image: url(https:\/\/vital-hotel-frankfurt.info\/wp-content\/uploads\/2020\/05\/kulinarische-angebote-vital-hotel-705x470.jpg);\"  title=\"Restaurant Auszeit\" ><\/div><\/div><figcaption class='av-inner-masonry-content site-background'><div class='av-inner-masonry-content-pos'><div class='av-inner-masonry-content-pos-content'><div class='avia-arrow'><\/div><h3 class='av-masonry-entry-title entry-title'  itemprop=\"headline\" >Restaurant Auszeit<\/h3><\/div><\/div><\/figcaption><\/figure><\/a><!--end av-masonry entry--><a href=\"https:\/\/vital-hotel-frankfurt.info\/index.php\/gastronomie\/panoramabar\/\"  aria-label=\"image Panorama Bar\"  id='av-masonry-1-item-876' data-av-masonry-item='876' class='av-masonry-entry isotope-item post-876 attachment type-attachment status-inherit hentry  av-masonry-item-with-image' title=\"Panorama Bar\" alt=\"\"  data-av-masonry-custom-link=\"https:\/\/vital-hotel-frankfurt.info\/index.php\/gastronomie\/panoramabar\/\"  itemprop=\"thumbnailUrl\" ><div class='av-inner-masonry-sizer'><\/div><figure class='av-inner-masonry main_color'><div class=\"av-masonry-outerimage-container\"><div class='av-masonry-image-container' style=\"background-image: url(https:\/\/vital-hotel-frankfurt.info\/wp-content\/uploads\/2020\/05\/vital-hotel-panorama-bar-skyline-frankfurt-1-705x470.jpg);\"  title=\"Panorama Bar\" ><\/div><\/div><figcaption class='av-inner-masonry-content site-background'><div class='av-inner-masonry-content-pos'><div class='av-inner-masonry-content-pos-content'><div class='avia-arrow'><\/div><h3 class='av-masonry-entry-title entry-title'  itemprop=\"headline\" >Panorama Bar<\/h3><\/div><\/div><\/figcaption><\/figure><\/a><!--end av-masonry entry--><a href=\"https:\/\/vital-hotel-frankfurt.info\/da\/wellness-fitness\/erlebnisbad\/\"  aria-label=\"image Erlebnisbad\"  id='av-masonry-1-item-1059' data-av-masonry-item='1059' class='av-masonry-entry isotope-item post-1059 attachment type-attachment status-inherit hentry  av-masonry-item-with-image' title=\"Eventyrlig pool\" alt=\"\"  data-av-masonry-custom-link=\"https:\/\/vital-hotel-frankfurt.info\/wellness-fitness\/erlebnisbad\/\"  itemprop=\"thumbnailUrl\" ><div class='av-inner-masonry-sizer'><\/div><figure class='av-inner-masonry main_color'><div class=\"av-masonry-outerimage-container\"><div class='av-masonry-image-container' style=\"background-image: url(https:\/\/vital-hotel-frankfurt.info\/wp-content\/uploads\/2020\/07\/familien-special-ferien-705x330.jpg);\"  title=\"Eventyrlig pool\" ><\/div><\/div><figcaption class='av-inner-masonry-content site-background'><div class='av-inner-masonry-content-pos'><div class='av-inner-masonry-content-pos-content'><div class='avia-arrow'><\/div><h3 class='av-masonry-entry-title entry-title'  itemprop=\"headline\" >Eventyrlig pool<\/h3><\/div><\/div><\/figcaption><\/figure><\/a><!--end av-masonry entry--><a href=\"https:\/\/vital-hotel-frankfurt.info\/da\/wellness-fitness\/sauna\/\"  aria-label=\"image Sauna\"  id='av-masonry-1-item-975' data-av-masonry-item='975' class='av-masonry-entry isotope-item post-975 attachment type-attachment status-inherit hentry  av-masonry-item-with-image' title=\"Sauna\" alt=\"\"  data-av-masonry-custom-link=\"https:\/\/vital-hotel-frankfurt.info\/wellness-fitness\/sauna\/\"  itemprop=\"thumbnailUrl\" ><div class='av-inner-masonry-sizer'><\/div><figure class='av-inner-masonry main_color'><div class=\"av-masonry-outerimage-container\"><div class='av-masonry-image-container' style=\"background-image: url(https:\/\/vital-hotel-frankfurt.info\/wp-content\/uploads\/2020\/07\/rhein-main-therme-wellness-gutscheine.jpg);\"  title=\"Sauna\" ><\/div><\/div><figcaption class='av-inner-masonry-content site-background'><div class='av-inner-masonry-content-pos'><div class='av-inner-masonry-content-pos-content'><div class='avia-arrow'><\/div><h3 class='av-masonry-entry-title entry-title'  itemprop=\"headline\" >Sauna<\/h3><\/div><\/div><\/figcaption><\/figure><\/a><!--end av-masonry entry--><a href=\"https:\/\/vital-hotel-frankfurt.info\/da\/wellness-fitness\/fitness\/\"  aria-label=\"image Fitness\"  id='av-masonry-1-item-977' data-av-masonry-item='977' class='av-masonry-entry isotope-item post-977 attachment type-attachment status-inherit hentry  av-masonry-item-with-image' title=\"Fitness\" alt=\"\"  data-av-masonry-custom-link=\"https:\/\/vital-hotel-frankfurt.info\/wellness-fitness\/fitness\/\"  itemprop=\"thumbnailUrl\" ><div class='av-inner-masonry-sizer'><\/div><figure class='av-inner-masonry main_color'><div class=\"av-masonry-outerimage-container\"><div class='av-masonry-image-container' style=\"background-image: url(https:\/\/vital-hotel-frankfurt.info\/wp-content\/uploads\/2020\/07\/vita-spa-fitnessclub-rhein-main-therme-705x470.jpg);\"  title=\"Fitness\" ><\/div><\/div><figcaption class='av-inner-masonry-content site-background'><div class='av-inner-masonry-content-pos'><div class='av-inner-masonry-content-pos-content'><div class='avia-arrow'><\/div><h3 class='av-masonry-entry-title entry-title'  itemprop=\"headline\" >Fitness<\/h3><\/div><\/div><\/figcaption><\/figure><\/a><!--end av-masonry entry--><\/div><\/div>\n\n<style type=\"text\/css\" data-created_by=\"avia_inline_auto\" id=\"style-css-av-kc67eax2-6c27fee9f0831588e813883ba7254b09\">\n.flex_column.av-kc67eax2-6c27fee9f0831588e813883ba7254b09{\nborder-radius:0px 0px 0px 0px;\npadding:0px 0px 0px 0px;\n}\n<\/style>\n<div  class='flex_column av-kc67eax2-6c27fee9f0831588e813883ba7254b09 av_one_full  avia-builder-el-3  el_after_av_masonry_gallery  avia-builder-el-no-sibling  first flex_column_div av-zero-column-padding'     ><\/div>","protected":false},"excerpt":{"rendered":"","protected":false},"author":1,"featured_media":0,"parent":0,"menu_order":0,"comment_status":"closed","ping_status":"closed","template":"","meta":{"footnotes":""},"class_list":["post-525","page","type-page","status-publish","hentry"],"_links":{"self":[{"href":"https:\/\/vital-hotel-frankfurt.info\/da\/wp-json\/wp\/v2\/pages\/525","targetHints":{"allow":["GET"]}}],"collection":[{"href":"https:\/\/vital-hotel-frankfurt.info\/da\/wp-json\/wp\/v2\/pages"}],"about":[{"href":"https:\/\/vital-hotel-frankfurt.info\/da\/wp-json\/wp\/v2\/types\/page"}],"author":[{"embeddable":true,"href":"https:\/\/vital-hotel-frankfurt.info\/da\/wp-json\/wp\/v2\/users\/1"}],"replies":[{"embeddable":true,"href":"https:\/\/vital-hotel-frankfurt.info\/da\/wp-json\/wp\/v2\/comments?post=525"}],"version-history":[{"count":116,"href":"https:\/\/vital-hotel-frankfurt.info\/da\/wp-json\/wp\/v2\/pages\/525\/revisions"}],"predecessor-version":[{"id":1674,"href":"https:\/\/vital-hotel-frankfurt.info\/da\/wp-json\/wp\/v2\/pages\/525\/revisions\/1674"}],"wp:attachment":[{"href":"https:\/\/vital-hotel-frankfurt.info\/da\/wp-json\/wp\/v2\/media?parent=525"}],"curies":[{"name":"wp","href":"https:\/\/api.w.org\/{rel}","templated":true}]}}