{"id":1040,"date":"2020-07-03T15:20:00","date_gmt":"2020-07-03T15:20:00","guid":{"rendered":"https:\/\/vital-hotel-frankfurt.info\/?page_id=1040"},"modified":"2021-07-08T14:37:25","modified_gmt":"2021-07-08T12:37:25","slug":"sauna","status":"publish","type":"page","link":"https:\/\/vital-hotel-frankfurt.info\/da\/wellness-fitness\/sauna\/","title":{"rendered":"Sauna"},"content":{"rendered":"<div  class='av-hotspot-image-container av-kc6b74gm-0717fbbcff5433e4f951eb20a0a8e881  avia-builder-el-0  el_before_av_textblock  avia-builder-el-first  av-hotspot-numbered av-mobile-fallback-active  av-non-fullwidth-hotspot-image'  itemprop=\"image\" itemscope=\"itemscope\" itemtype=\"https:\/\/schema.org\/ImageObject\" ><div class='av-hotspot-container'><div class='av-hotspot-container-inner-cell'><div class='av-hotspot-container-inner-wrap'><img decoding=\"async\" fetchpriority=\"high\" class='wp-image-976 avia-img-lazy-loading-not-976 avia_image' src=\"https:\/\/vital-hotel-frankfurt.info\/wp-content\/uploads\/2020\/07\/rhein-main-therme-wellness-oase-sauna-1500x630.jpg\" alt='' title='Sauna'  height=\"630\" width=\"1500\"  itemprop=\"thumbnailUrl\"  \/><\/div><\/div><\/div><\/div>\n<section  class='av_textblock_section av-kc6b9rtc-25a7c0b234f0d8aa8a19609adfe55223'   itemscope=\"itemscope\" itemtype=\"https:\/\/schema.org\/CreativeWork\" ><div class='avia_textblock'  itemprop=\"text\" ><h3 style=\"text-align: center;\">Sauna<\/h3>\n<p>Oplev ren afslapning i vores rummelige saunaomr\u00e5de med saunahave og afslapningsomr\u00e5der.<\/p>\n<p>Nyd den hyggelige fred og ro i vores alsidige saunaer, dampbade og boblebade.<\/p>\n<p>Dette omr\u00e5de er et tekstilfrit omr\u00e5de.<\/p>\n<p>Et lille udvalg af vores tilbud<\/p>\n<ul>\n<li>Dampbad<\/li>\n<li>Salt-sauna<\/li>\n<li>Urte-sauna<\/li>\n<li>Infusionssaunaer<\/li>\n<li>Sauna i bj\u00e6lkehytte<\/li>\n<li>Bassin med koldt vand<\/li>\n<li>Saltvandsbassin<\/li>\n<li>Pejs<\/li>\n<\/ul>\n<\/div><\/section>\n<div  class='hr av-kc6cjkdy-89f03d73657c14189ef4a203615629ea hr-default  avia-builder-el-2  el_after_av_textblock  el_before_av_one_full'><span class='hr-inner'><span class=\"hr-inner-style\"><\/span><\/span><\/div>\n\n<style type=\"text\/css\" data-created_by=\"avia_inline_auto\" id=\"style-css-av-75rx1-3bee7b0bba93e84b23a3755a26e74eb6\">\n.flex_column.av-75rx1-3bee7b0bba93e84b23a3755a26e74eb6{\nborder-radius:0px 0px 0px 0px;\npadding:0px 0px 0px 0px;\n}\n<\/style>\n<div  class='flex_column av-75rx1-3bee7b0bba93e84b23a3755a26e74eb6 av_one_full  avia-builder-el-3  el_after_av_hr  avia-builder-el-last  first flex_column_div av-zero-column-padding'     ><p><article  class='iconbox iconbox_left av-kc6bzm6e-f2ceedca5e95292258ddc004292775f7  avia-builder-el-4  el_before_av_icon_box  avia-builder-el-first'  itemscope=\"itemscope\" itemtype=\"https:\/\/schema.org\/CreativeWork\" ><div class=\"iconbox_content\"><header class=\"entry-content-header\" aria-label=\"Icon: \u00d6ffnungszeiten\"><div class='iconbox_icon heading-color avia-iconfont avia-font-entypo-fontello' data-av_icon='\ue862' data-av_iconfont='entypo-fontello'  ><\/div><h3 class='iconbox_content_title'  itemprop=\"headline\" >\u00c5bningstider<\/h3><\/header><div class='iconbox_content_container'  itemprop=\"text\" ><p>Dagligt<\/p>\n<p>09:00 til 21:45<\/p>\n<\/div><\/div><footer class=\"entry-footer\"><\/footer><\/article><br \/>\n<article  class='iconbox iconbox_left av-kc6bzm6e-4bd8861cdd4b417a89c24f140b8989f4  avia-builder-el-5  el_after_av_icon_box  el_before_av_icon_box'  itemscope=\"itemscope\" itemtype=\"https:\/\/schema.org\/CreativeWork\" ><div class=\"iconbox_content\"><header class=\"entry-content-header\" aria-label=\"Icon: Zugang\"><div class='iconbox_icon heading-color avia-iconfont avia-font-entypo-fontello' data-av_icon='\ue81e' data-av_iconfont='entypo-fontello'  ><\/div><h3 class='iconbox_content_title'  itemprop=\"headline\" >Adgang<\/h3><\/header><div class='iconbox_content_container'  itemprop=\"text\" ><p>Adgang sker via drejespillet i swimmingpoolomr\u00e5det. Du skal bruge din v\u00e6relsesn\u00f8gle til dette.<\/p>\n<\/div><\/div><footer class=\"entry-footer\"><\/footer><\/article><br \/>\n<article  class='iconbox iconbox_left av-kc6bzm6e-7814f5fab34885f3144506b20ed85bb5  avia-builder-el-6  el_after_av_icon_box  el_before_av_icon_box'  itemscope=\"itemscope\" itemtype=\"https:\/\/schema.org\/CreativeWork\" ><div class=\"iconbox_content\"><header class=\"entry-content-header\" aria-label=\"Icon: Bademantel &amp; Handt\u00fccher\"><div class='iconbox_icon heading-color avia-iconfont avia-font-entypo-fontello' data-av_icon='\ue808' data-av_iconfont='entypo-fontello'  ><\/div><h3 class='iconbox_content_title'  itemprop=\"headline\" >Badek\u00e5be og h\u00e5ndkl\u00e6der<\/h3><\/header><div class='iconbox_content_container'  itemprop=\"text\" ><p>P\u00e5 dit v\u00e6relse finder du en f\u00e6rdigpakket badepose til brug i den termiske spa.<\/p>\n<\/div><\/div><footer class=\"entry-footer\"><\/footer><\/article><br \/>\n<article  class='iconbox iconbox_left av-kc6bzm6e-209698512e5ca9b5680d3c1e8f880b6d  avia-builder-el-7  el_after_av_icon_box  avia-builder-el-last'  itemscope=\"itemscope\" itemtype=\"https:\/\/schema.org\/CreativeWork\" ><div class=\"iconbox_content\"><header class=\"entry-content-header\" aria-label=\"Icon: Kinder &amp; Jugendliche\"><div class='iconbox_icon heading-color avia-iconfont avia-font-entypo-fontello' data-av_icon='\ue83e' data-av_iconfont='entypo-fontello'  ><\/div><h3 class='iconbox_content_title'  itemprop=\"headline\" >B\u00f8rn og teenagere<\/h3><\/header><div class='iconbox_content_container'  itemprop=\"text\" ><p>Personer under 16 \u00e5r m\u00e5 kun komme ind i f\u00f8lge med en voksen.<\/p>\n<\/div><\/div><footer class=\"entry-footer\"><\/footer><\/article><\/p><\/div>","protected":false},"excerpt":{"rendered":"","protected":false},"author":1,"featured_media":0,"parent":771,"menu_order":2,"comment_status":"closed","ping_status":"closed","template":"","meta":{"footnotes":""},"class_list":["post-1040","page","type-page","status-publish","hentry"],"_links":{"self":[{"href":"https:\/\/vital-hotel-frankfurt.info\/da\/wp-json\/wp\/v2\/pages\/1040","targetHints":{"allow":["GET"]}}],"collection":[{"href":"https:\/\/vital-hotel-frankfurt.info\/da\/wp-json\/wp\/v2\/pages"}],"about":[{"href":"https:\/\/vital-hotel-frankfurt.info\/da\/wp-json\/wp\/v2\/types\/page"}],"author":[{"embeddable":true,"href":"https:\/\/vital-hotel-frankfurt.info\/da\/wp-json\/wp\/v2\/users\/1"}],"replies":[{"embeddable":true,"href":"https:\/\/vital-hotel-frankfurt.info\/da\/wp-json\/wp\/v2\/comments?post=1040"}],"version-history":[{"count":7,"href":"https:\/\/vital-hotel-frankfurt.info\/da\/wp-json\/wp\/v2\/pages\/1040\/revisions"}],"predecessor-version":[{"id":1507,"href":"https:\/\/vital-hotel-frankfurt.info\/da\/wp-json\/wp\/v2\/pages\/1040\/revisions\/1507"}],"up":[{"embeddable":true,"href":"https:\/\/vital-hotel-frankfurt.info\/da\/wp-json\/wp\/v2\/pages\/771"}],"wp:attachment":[{"href":"https:\/\/vital-hotel-frankfurt.info\/da\/wp-json\/wp\/v2\/media?parent=1040"}],"curies":[{"name":"wp","href":"https:\/\/api.w.org\/{rel}","templated":true}]}}